{"id":91,"date":"2011-08-31T22:55:38","date_gmt":"2011-08-31T20:55:38","guid":{"rendered":"https:\/\/www.morvaykrisztina.hu\/?page_id=91"},"modified":"2012-12-02T10:28:05","modified_gmt":"2012-12-02T09:28:05","slug":"fooldal-bemutatkozom","status":"publish","type":"page","link":"https:\/\/www.morvaykrisztina.hu\/hu\/fooldal-bemutatkozom\/","title":{"rendered":"F\u0151oldal &#8211; Bemutatkozom"},"content":{"rendered":"<p><strong>Morvay Krisztina<\/strong> vagyok. 2001. \u00f3ta ford\u00edtok k\u00f6nyveket: sz\u00e9pirodalmi m\u0171veket \u00e9s szakk\u00f6nyveket egyar\u00e1nt, az ut\u00f3bbiakat els\u0151sorban menedzsment, eg\u00e9szs\u00e9g-\u00e9letm\u00f3d, gyermeknevel\u00e9s \u00e9s k\u00f6z\u00e9leti publicisztika kateg\u00f3ri\u00e1kban. Szakford\u00edt\u00e1st els\u0151sorban \u00fczleti-gazdas\u00e1gi, t\u00e1rsadalomtudom\u00e1nyi, online \u00e9s k\u00f6rnyezetv\u00e9delmi ter\u00fcleteken v\u00e9gzek.<\/p>","protected":false},"excerpt":{"rendered":"<p>Morvay Krisztina vagyok. 2001. \u00f3ta ford\u00edtok k\u00f6nyveket: sz\u00e9pirodalmi m\u0171veket \u00e9s szakk\u00f6nyveket egyar\u00e1nt, az ut\u00f3bbiakat els\u0151sorban menedzsment, eg\u00e9szs\u00e9g-\u00e9letm\u00f3d, gyermeknevel\u00e9s \u00e9s k\u00f6z\u00e9leti publicisztika kateg\u00f3ri\u00e1kban. Szakford\u00edt\u00e1st els\u0151sorban \u00fczleti-gazdas\u00e1gi, t\u00e1rsadalomtudom\u00e1nyi, online \u00e9s k\u00f6rnyezetv\u00e9delmi ter\u00fcleteken v\u00e9gzek.<\/p>\n","protected":false},"author":1,"featured_media":0,"parent":0,"menu_order":0,"comment_status":"open","ping_status":"open","template":"","meta":{"footnotes":""},"_links":{"self":[{"href":"https:\/\/www.morvaykrisztina.hu\/hu\/wp-json\/wp\/v2\/pages\/91"}],"collection":[{"href":"https:\/\/www.morvaykrisztina.hu\/hu\/wp-json\/wp\/v2\/pages"}],"about":[{"href":"https:\/\/www.morvaykrisztina.hu\/hu\/wp-json\/wp\/v2\/types\/page"}],"author":[{"embeddable":true,"href":"https:\/\/www.morvaykrisztina.hu\/hu\/wp-json\/wp\/v2\/users\/1"}],"replies":[{"embeddable":true,"href":"https:\/\/www.morvaykrisztina.hu\/hu\/wp-json\/wp\/v2\/comments?post=91"}],"version-history":[{"count":0,"href":"https:\/\/www.morvaykrisztina.hu\/hu\/wp-json\/wp\/v2\/pages\/91\/revisions"}],"wp:attachment":[{"href":"https:\/\/www.morvaykrisztina.hu\/hu\/wp-json\/wp\/v2\/media?parent=91"}],"curies":[{"name":"wp","href":"https:\/\/api.w.org\/{rel}","templated":true}]}}