{"id":78,"date":"2011-08-31T22:51:04","date_gmt":"2011-08-31T20:51:04","guid":{"rendered":"https:\/\/www.morvaykrisztina.hu\/?page_id=78"},"modified":"2012-11-28T21:45:28","modified_gmt":"2012-11-28T20:45:28","slug":"fooldal-korrektura","status":"publish","type":"page","link":"https:\/\/www.morvaykrisztina.hu\/hu\/fooldal-korrektura\/","title":{"rendered":"F\u0151oldal &#8211; Korrekt\u00fara"},"content":{"rendered":"<p><span class=\"firstRow\">Honlapok, port\u00e1lok ellen\u0151rz\u00e9se<\/span><br \/>\u00e9s jav\u00edt\u00e1sa. A megl\u00e9v\u0151 teljes honlap sz\u00f6veg\u00e9nek stiliz\u00e1l\u00e1sa, \u00e1t\u00edr\u00e1sa, korrekt\u00far\u00e1z\u00e1sa.<\/p>","protected":false},"excerpt":{"rendered":"<p>Honlapok, port\u00e1lok ellen\u0151rz\u00e9se\u00e9s jav\u00edt\u00e1sa. A megl\u00e9v\u0151 teljes honlap sz\u00f6veg\u00e9nek stiliz\u00e1l\u00e1sa, \u00e1t\u00edr\u00e1sa, korrekt\u00far\u00e1z\u00e1sa.<\/p>\n","protected":false},"author":1,"featured_media":0,"parent":0,"menu_order":0,"comment_status":"open","ping_status":"open","template":"","meta":{"footnotes":""},"_links":{"self":[{"href":"https:\/\/www.morvaykrisztina.hu\/hu\/wp-json\/wp\/v2\/pages\/78"}],"collection":[{"href":"https:\/\/www.morvaykrisztina.hu\/hu\/wp-json\/wp\/v2\/pages"}],"about":[{"href":"https:\/\/www.morvaykrisztina.hu\/hu\/wp-json\/wp\/v2\/types\/page"}],"author":[{"embeddable":true,"href":"https:\/\/www.morvaykrisztina.hu\/hu\/wp-json\/wp\/v2\/users\/1"}],"replies":[{"embeddable":true,"href":"https:\/\/www.morvaykrisztina.hu\/hu\/wp-json\/wp\/v2\/comments?post=78"}],"version-history":[{"count":0,"href":"https:\/\/www.morvaykrisztina.hu\/hu\/wp-json\/wp\/v2\/pages\/78\/revisions"}],"wp:attachment":[{"href":"https:\/\/www.morvaykrisztina.hu\/hu\/wp-json\/wp\/v2\/media?parent=78"}],"curies":[{"name":"wp","href":"https:\/\/api.w.org\/{rel}","templated":true}]}}