{"id":75,"date":"2011-08-31T22:50:13","date_gmt":"2011-08-31T20:50:13","guid":{"rendered":"https:\/\/www.morvaykrisztina.hu\/?page_id=75"},"modified":"2012-11-28T21:44:18","modified_gmt":"2012-11-28T20:44:18","slug":"fooldal-lektoralas","status":"publish","type":"page","link":"https:\/\/www.morvaykrisztina.hu\/hu\/fooldal-lektoralas\/","title":{"rendered":"F\u0151oldal &#8211; Lektor\u00e1l\u00e1s"},"content":{"rendered":"<p><span class=\"firstRow\">K\u00e9sz ford\u00edt\u00e1s ellen\u0151rz\u00e9se<\/span><br \/>a forr\u00e1s- \u00e9s a c\u00e9lsz\u00f6veg egybevet\u00e9s\u00e9vel, valamint egy\u00e9b szempontok alapj\u00e1n.<\/p>","protected":false},"excerpt":{"rendered":"<p>K\u00e9sz ford\u00edt\u00e1s ellen\u0151rz\u00e9sea forr\u00e1s- \u00e9s a c\u00e9lsz\u00f6veg egybevet\u00e9s\u00e9vel, valamint egy\u00e9b szempontok alapj\u00e1n.<\/p>\n","protected":false},"author":1,"featured_media":0,"parent":0,"menu_order":0,"comment_status":"open","ping_status":"open","template":"","meta":{"footnotes":""},"_links":{"self":[{"href":"https:\/\/www.morvaykrisztina.hu\/hu\/wp-json\/wp\/v2\/pages\/75"}],"collection":[{"href":"https:\/\/www.morvaykrisztina.hu\/hu\/wp-json\/wp\/v2\/pages"}],"about":[{"href":"https:\/\/www.morvaykrisztina.hu\/hu\/wp-json\/wp\/v2\/types\/page"}],"author":[{"embeddable":true,"href":"https:\/\/www.morvaykrisztina.hu\/hu\/wp-json\/wp\/v2\/users\/1"}],"replies":[{"embeddable":true,"href":"https:\/\/www.morvaykrisztina.hu\/hu\/wp-json\/wp\/v2\/comments?post=75"}],"version-history":[{"count":0,"href":"https:\/\/www.morvaykrisztina.hu\/hu\/wp-json\/wp\/v2\/pages\/75\/revisions"}],"wp:attachment":[{"href":"https:\/\/www.morvaykrisztina.hu\/hu\/wp-json\/wp\/v2\/media?parent=75"}],"curies":[{"name":"wp","href":"https:\/\/api.w.org\/{rel}","templated":true}]}}