{"id":748,"date":"2011-12-07T09:56:35","date_gmt":"2011-12-07T08:56:35","guid":{"rendered":"https:\/\/www.morvaykrisztina.hu\/?page_id=748"},"modified":"2015-02-07T14:37:09","modified_gmt":"2015-02-07T13:37:09","slug":"lablec-konyvforditasok-michael-connelly-az-igazsag-ara","status":"publish","type":"page","link":"https:\/\/www.morvaykrisztina.hu\/hu\/lablec\/lablec-konyvforditasok-michael-connelly-az-igazsag-ara\/","title":{"rendered":"L\u00e1bl\u00e9c &#8211; K\u00f6nyvford\u00edt\u00e1sok &#8211; Michael Connelly &#8211; Az igazs\u00e1g \u00e1ra"},"content":{"rendered":"<p><\/p>\n<div><img decoding=\"async\" src=\"\/wp-content\/uploads\/Michael_Connelly_-_Az_igazsag_ara-190x300.jpg\" alt=\"Michael Connelly - Az igazs\u00e1g \u00e1ra\" title=\"Michael Connelly - Az igazs\u00e1g \u00e1ra\" \/><br \/>\n<span class=\"elem-cim\">Michael Connelly<\/span><br \/>\n<span class=\"elem-alcim\">Az igazs\u00e1g \u00e1ra<\/span><br \/>\n<span class=\"elem-text\">Mickey Haller sikeres b\u0171n\u00fcgyi v\u00e9d\u0151\u00fcgyv\u00e9dk\u00e9nt tev\u00e9kenykedik napjaink Los Angeles\u00e9nek b\u0171nt\u0151l szennyes vil\u00e1g\u00e1ban. Hallernek semmi sem dr\u00e1ga&#8230;<\/span><a href=\"\/hu\/referenciak\/kategoriak\/michael-connelly-az-igazsag-ara\/\">tov\u00e1bb<\/a><\/div>\n<p><\/p>","protected":false},"excerpt":{"rendered":"<p>Michael Connelly Az igazs\u00e1g \u00e1ra Mickey Haller sikeres b\u0171n\u00fcgyi v\u00e9d\u0151\u00fcgyv\u00e9dk\u00e9nt tev\u00e9kenykedik napjaink Los Angeles\u00e9nek b\u0171nt\u0151l szennyes vil\u00e1g\u00e1ban. Hallernek semmi sem dr\u00e1ga&#8230;tov\u00e1bb<\/p>\n","protected":false},"author":1,"featured_media":0,"parent":246,"menu_order":0,"comment_status":"open","ping_status":"open","template":"","meta":{"footnotes":""},"_links":{"self":[{"href":"https:\/\/www.morvaykrisztina.hu\/hu\/wp-json\/wp\/v2\/pages\/748"}],"collection":[{"href":"https:\/\/www.morvaykrisztina.hu\/hu\/wp-json\/wp\/v2\/pages"}],"about":[{"href":"https:\/\/www.morvaykrisztina.hu\/hu\/wp-json\/wp\/v2\/types\/page"}],"author":[{"embeddable":true,"href":"https:\/\/www.morvaykrisztina.hu\/hu\/wp-json\/wp\/v2\/users\/1"}],"replies":[{"embeddable":true,"href":"https:\/\/www.morvaykrisztina.hu\/hu\/wp-json\/wp\/v2\/comments?post=748"}],"version-history":[{"count":0,"href":"https:\/\/www.morvaykrisztina.hu\/hu\/wp-json\/wp\/v2\/pages\/748\/revisions"}],"up":[{"embeddable":true,"href":"https:\/\/www.morvaykrisztina.hu\/hu\/wp-json\/wp\/v2\/pages\/246"}],"wp:attachment":[{"href":"https:\/\/www.morvaykrisztina.hu\/hu\/wp-json\/wp\/v2\/media?parent=748"}],"curies":[{"name":"wp","href":"https:\/\/api.w.org\/{rel}","templated":true}]}}