{"id":744,"date":"2011-12-07T09:53:22","date_gmt":"2011-12-07T08:53:22","guid":{"rendered":"https:\/\/www.morvaykrisztina.hu\/?page_id=744"},"modified":"2015-02-07T14:37:16","modified_gmt":"2015-02-07T13:37:16","slug":"lablec-konyvforditasok-michael-connelly-a-kilato","status":"publish","type":"page","link":"https:\/\/www.morvaykrisztina.hu\/hu\/lablec\/lablec-konyvforditasok-michael-connelly-a-kilato\/","title":{"rendered":"L\u00e1bl\u00e9c &#8211; K\u00f6nyvford\u00edt\u00e1sok &#8211; Michael Connelly &#8211; A kil\u00e1t\u00f3"},"content":{"rendered":"<p><\/p>\n<div><img decoding=\"async\" src=\"\/wp-content\/uploads\/Michael_Connelly_-_A_kilato-194x300.jpg\" alt=\"Michael Connelly - A kil\u00e1t\u00f3\" title=\"Michael Connelly - A kil\u00e1t\u00f3\" \/><br \/>\n<span class=\"elem-cim\">Michael Connelly<\/span><br \/>\n<span class=\"elem-alcim\">A kil\u00e1t\u00f3<\/span><br \/>\n<span class=\"elem-text\">Holttestre bukkannak egy Los Angeles f\u00f6l\u00f6tti kil\u00e1t\u00f3n. Az \u00e1ldozatot szab\u00e1lyosan kiv\u00e9gezt\u00e9k, let\u00e9rdeltett\u00e9k, \u00e9s tark\u00f3j\u00e1ba k\u00e9t goly\u00f3t eresztettek&#8230;<\/span><a href=\"\/hu\/referenciak\/kategoriak\/michael-connelly-a-kilato\/\">tov\u00e1bb<\/a><\/div>\n<p><\/p>","protected":false},"excerpt":{"rendered":"<p>Michael Connelly A kil\u00e1t\u00f3 Holttestre bukkannak egy Los Angeles f\u00f6l\u00f6tti kil\u00e1t\u00f3n. Az \u00e1ldozatot szab\u00e1lyosan kiv\u00e9gezt\u00e9k, let\u00e9rdeltett\u00e9k, \u00e9s tark\u00f3j\u00e1ba k\u00e9t goly\u00f3t eresztettek&#8230;tov\u00e1bb<\/p>\n","protected":false},"author":1,"featured_media":0,"parent":246,"menu_order":0,"comment_status":"open","ping_status":"open","template":"","meta":{"footnotes":""},"_links":{"self":[{"href":"https:\/\/www.morvaykrisztina.hu\/hu\/wp-json\/wp\/v2\/pages\/744"}],"collection":[{"href":"https:\/\/www.morvaykrisztina.hu\/hu\/wp-json\/wp\/v2\/pages"}],"about":[{"href":"https:\/\/www.morvaykrisztina.hu\/hu\/wp-json\/wp\/v2\/types\/page"}],"author":[{"embeddable":true,"href":"https:\/\/www.morvaykrisztina.hu\/hu\/wp-json\/wp\/v2\/users\/1"}],"replies":[{"embeddable":true,"href":"https:\/\/www.morvaykrisztina.hu\/hu\/wp-json\/wp\/v2\/comments?post=744"}],"version-history":[{"count":0,"href":"https:\/\/www.morvaykrisztina.hu\/hu\/wp-json\/wp\/v2\/pages\/744\/revisions"}],"up":[{"embeddable":true,"href":"https:\/\/www.morvaykrisztina.hu\/hu\/wp-json\/wp\/v2\/pages\/246"}],"wp:attachment":[{"href":"https:\/\/www.morvaykrisztina.hu\/hu\/wp-json\/wp\/v2\/media?parent=744"}],"curies":[{"name":"wp","href":"https:\/\/api.w.org\/{rel}","templated":true}]}}