{"id":736,"date":"2011-12-07T09:46:16","date_gmt":"2011-12-07T08:46:16","guid":{"rendered":"https:\/\/www.morvaykrisztina.hu\/?page_id=736"},"modified":"2015-02-07T14:36:24","modified_gmt":"2015-02-07T13:36:24","slug":"lablec-konyvforditasok-patricia-cornwell-a-halal-nyomaban","status":"publish","type":"page","link":"https:\/\/www.morvaykrisztina.hu\/hu\/lablec\/lablec-konyvforditasok-patricia-cornwell-a-halal-nyomaban\/","title":{"rendered":"L\u00e1bl\u00e9c &#8211; K\u00f6nyvford\u00edt\u00e1sok &#8211; Patricia Cornwell &#8211; A hal\u00e1l nyom\u00e1ban"},"content":{"rendered":"<p><\/p>\n<div><img decoding=\"async\" src=\"\/wp-content\/uploads\/Patricia_Cornwell_-_A_halal_nyomaban-193x300.jpg\" alt=\"Patricia Cornwell - A hal\u00e1l nyom\u00e1ban\" title=\"Patricia Cornwell - A hal\u00e1l nyom\u00e1ban\" \/><br \/>\n<span class=\"elem-cim\">Patricia Cornwell<\/span><br \/>\n<span class=\"elem-alcim\">A hal\u00e1l nyom\u00e1ban<\/span><br \/>\n<span class=\"elem-text\">Dr. Kay Scarpetta k\u00fcl\u00f6n\u00f6s telefonh\u00edv\u00e1st kap egykori munkahely\u00e9r\u0151l, amelyet \u00f6t \u00e9vvel ezel\u0151tt kellett elhagynia. Az int\u00e9zet vezet\u0151i sz\u00e9k\u00e9ben \u0151t&#8230;<\/span><a href=\"\/hu\/referenciak\/kategoriak\/patricia-cornwell-a-halal-nyomaban\/\">tov\u00e1bb<\/a><\/div>\n<p><\/p>","protected":false},"excerpt":{"rendered":"<p>Patricia Cornwell A hal\u00e1l nyom\u00e1ban Dr. Kay Scarpetta k\u00fcl\u00f6n\u00f6s telefonh\u00edv\u00e1st kap egykori munkahely\u00e9r\u0151l, amelyet \u00f6t \u00e9vvel ezel\u0151tt kellett elhagynia. Az int\u00e9zet vezet\u0151i sz\u00e9k\u00e9ben \u0151t&#8230;tov\u00e1bb<\/p>\n","protected":false},"author":1,"featured_media":0,"parent":246,"menu_order":0,"comment_status":"open","ping_status":"open","template":"","meta":{"footnotes":""},"_links":{"self":[{"href":"https:\/\/www.morvaykrisztina.hu\/hu\/wp-json\/wp\/v2\/pages\/736"}],"collection":[{"href":"https:\/\/www.morvaykrisztina.hu\/hu\/wp-json\/wp\/v2\/pages"}],"about":[{"href":"https:\/\/www.morvaykrisztina.hu\/hu\/wp-json\/wp\/v2\/types\/page"}],"author":[{"embeddable":true,"href":"https:\/\/www.morvaykrisztina.hu\/hu\/wp-json\/wp\/v2\/users\/1"}],"replies":[{"embeddable":true,"href":"https:\/\/www.morvaykrisztina.hu\/hu\/wp-json\/wp\/v2\/comments?post=736"}],"version-history":[{"count":0,"href":"https:\/\/www.morvaykrisztina.hu\/hu\/wp-json\/wp\/v2\/pages\/736\/revisions"}],"up":[{"embeddable":true,"href":"https:\/\/www.morvaykrisztina.hu\/hu\/wp-json\/wp\/v2\/pages\/246"}],"wp:attachment":[{"href":"https:\/\/www.morvaykrisztina.hu\/hu\/wp-json\/wp\/v2\/media?parent=736"}],"curies":[{"name":"wp","href":"https:\/\/api.w.org\/{rel}","templated":true}]}}