{"id":721,"date":"2011-12-06T23:43:26","date_gmt":"2011-12-06T22:43:26","guid":{"rendered":"https:\/\/www.morvaykrisztina.hu\/?page_id=721"},"modified":"2015-02-07T15:03:19","modified_gmt":"2015-02-07T14:03:19","slug":"lablec-konyvforditasok-james-herbert-sotet-titkok-haza","status":"publish","type":"page","link":"https:\/\/www.morvaykrisztina.hu\/hu\/lablec\/lablec-konyvforditasok-james-herbert-sotet-titkok-haza\/","title":{"rendered":"L\u00e1bl\u00e9c &#8211; K\u00f6nyvford\u00edt\u00e1sok &#8211; James Herbert &#8211; S\u00f6t\u00e9t titkok h\u00e1za"},"content":{"rendered":"<p><\/p>\n<div><img decoding=\"async\" title=\"James Herbert - S\u00f6t\u00e9t titkok h\u00e1za\" alt=\"James Herbert - S\u00f6t\u00e9t titkok h\u00e1za\" src=\"\/wp-content\/uploads\/James_Herbert_-_Sotet_titkok_haza.jpg\" \/><br \/>\n<span class=\"elem-cim\">James Herbert<\/span><br \/>\n<span class=\"elem-alcim\">S\u00f6t\u00e9t titkok h\u00e1za<\/span><\/p>\n<p><span class=\"elem-text\">\u00d3don, elhagyatott h\u00e1z \u00e1ll az \u00d6rd\u00f6ghasad\u00e9k &#8211; a m\u00e9ly \u00e9s meredek fal\u00fa szurdok &#8211; ment\u00e9n, mely a mocsaras fenns\u00edkt\u00f3l eg\u00e9szen a kik\u00f6t\u0151faluig&#8230;<\/span><a href=\"\/hu\/referenciak\/kategoriak\/james-herbert-sotet-titkok-haza\/\">tov\u00e1bb<\/a><\/p>\n<\/div>\n<p><\/p>","protected":false},"excerpt":{"rendered":"<p>James Herbert S\u00f6t\u00e9t titkok h\u00e1za \u00d3don, elhagyatott h\u00e1z \u00e1ll az \u00d6rd\u00f6ghasad\u00e9k &#8211; a m\u00e9ly \u00e9s meredek fal\u00fa szurdok &#8211; ment\u00e9n, mely a mocsaras fenns\u00edkt\u00f3l eg\u00e9szen a kik\u00f6t\u0151faluig&#8230;tov\u00e1bb<\/p>\n","protected":false},"author":1,"featured_media":0,"parent":246,"menu_order":0,"comment_status":"open","ping_status":"open","template":"","meta":{"footnotes":""},"_links":{"self":[{"href":"https:\/\/www.morvaykrisztina.hu\/hu\/wp-json\/wp\/v2\/pages\/721"}],"collection":[{"href":"https:\/\/www.morvaykrisztina.hu\/hu\/wp-json\/wp\/v2\/pages"}],"about":[{"href":"https:\/\/www.morvaykrisztina.hu\/hu\/wp-json\/wp\/v2\/types\/page"}],"author":[{"embeddable":true,"href":"https:\/\/www.morvaykrisztina.hu\/hu\/wp-json\/wp\/v2\/users\/1"}],"replies":[{"embeddable":true,"href":"https:\/\/www.morvaykrisztina.hu\/hu\/wp-json\/wp\/v2\/comments?post=721"}],"version-history":[{"count":0,"href":"https:\/\/www.morvaykrisztina.hu\/hu\/wp-json\/wp\/v2\/pages\/721\/revisions"}],"up":[{"embeddable":true,"href":"https:\/\/www.morvaykrisztina.hu\/hu\/wp-json\/wp\/v2\/pages\/246"}],"wp:attachment":[{"href":"https:\/\/www.morvaykrisztina.hu\/hu\/wp-json\/wp\/v2\/media?parent=721"}],"curies":[{"name":"wp","href":"https:\/\/api.w.org\/{rel}","templated":true}]}}