{"id":71,"date":"2011-08-31T22:49:06","date_gmt":"2011-08-31T20:49:06","guid":{"rendered":"https:\/\/www.morvaykrisztina.hu\/?page_id=71"},"modified":"2012-11-28T21:45:08","modified_gmt":"2012-11-28T20:45:08","slug":"fooldal-tolmacsolas","status":"publish","type":"page","link":"https:\/\/www.morvaykrisztina.hu\/hu\/fooldal-tolmacsolas\/","title":{"rendered":"F\u0151oldal &#8211; Tolm\u00e1csol\u00e1s"},"content":{"rendered":"<p><span class=\"firstRow\">Konszekut\u00edv<\/span><br \/>\u2013 p\u00e9ld\u00e1ul konferenci\u00e1kon, rendezv\u00e9nyeken \u2013,<br \/>illetve k\u00eds\u00e9r\u0151 tolm\u00e1csol\u00e1st v\u00e1llalok<br \/>(c\u00e9lnyelvr\u0151l \u00e9s vissza).<\/p>","protected":false},"excerpt":{"rendered":"<p>Konszekut\u00edv\u2013 p\u00e9ld\u00e1ul konferenci\u00e1kon, rendezv\u00e9nyeken \u2013,illetve k\u00eds\u00e9r\u0151 tolm\u00e1csol\u00e1st v\u00e1llalok(c\u00e9lnyelvr\u0151l \u00e9s vissza).<\/p>\n","protected":false},"author":1,"featured_media":0,"parent":0,"menu_order":0,"comment_status":"open","ping_status":"open","template":"","meta":{"footnotes":""},"_links":{"self":[{"href":"https:\/\/www.morvaykrisztina.hu\/hu\/wp-json\/wp\/v2\/pages\/71"}],"collection":[{"href":"https:\/\/www.morvaykrisztina.hu\/hu\/wp-json\/wp\/v2\/pages"}],"about":[{"href":"https:\/\/www.morvaykrisztina.hu\/hu\/wp-json\/wp\/v2\/types\/page"}],"author":[{"embeddable":true,"href":"https:\/\/www.morvaykrisztina.hu\/hu\/wp-json\/wp\/v2\/users\/1"}],"replies":[{"embeddable":true,"href":"https:\/\/www.morvaykrisztina.hu\/hu\/wp-json\/wp\/v2\/comments?post=71"}],"version-history":[{"count":0,"href":"https:\/\/www.morvaykrisztina.hu\/hu\/wp-json\/wp\/v2\/pages\/71\/revisions"}],"wp:attachment":[{"href":"https:\/\/www.morvaykrisztina.hu\/hu\/wp-json\/wp\/v2\/media?parent=71"}],"curies":[{"name":"wp","href":"https:\/\/api.w.org\/{rel}","templated":true}]}}