{"id":702,"date":"2011-12-06T23:23:15","date_gmt":"2011-12-06T22:23:15","guid":{"rendered":"https:\/\/www.morvaykrisztina.hu\/?page_id=702"},"modified":"2015-02-07T14:36:39","modified_gmt":"2015-02-07T13:36:39","slug":"lablec-konyvforditasok-michael-connelly-vercsoport","status":"publish","type":"page","link":"https:\/\/www.morvaykrisztina.hu\/hu\/lablec\/lablec-konyvforditasok-michael-connelly-vercsoport\/","title":{"rendered":"L\u00e1bl\u00e9c &#8211; K\u00f6nyvford\u00edt\u00e1sok &#8211; Michael Connelly &#8211; V\u00e9rcsoport"},"content":{"rendered":"<p><\/p>\n<div><img decoding=\"async\" src=\"\/wp-content\/uploads\/Michael_Connelly_-_Vercsoport.jpg\" alt=\"Michael Connelly - V\u00e9rcsoport\" title=\"Michael Connelly - V\u00e9rcsoport\" \/><br \/>\n<span class=\"elem-cim\">Michael Connelly<\/span><br \/>\n<span class=\"elem-alcim\">V\u00e9rcsoport<\/span><br \/>\n<span class=\"elem-text\">Terrel McCaleb vezette a Los Angeles k\u00f6rzet\u00e9ben t\u00f6rt\u00e9n\u0151 \u00f6sszes sorozatgyilkoss\u00e1g nyomoz\u00e1s\u00e1t az FBI-n\u00e1l. Sz\u00edvm\u0171t\u00e9te ut\u00e1n nyugd\u00edjazt\u00e1k, \u00e1m nyomoz\u00f3i&#8230;<\/span><a href=\"\/hu\/referenciak\/kategoriak\/michael-connelly-vercsoport\/\">tov\u00e1bb<\/a><\/div>\n<p><\/p>","protected":false},"excerpt":{"rendered":"<p>Michael Connelly V\u00e9rcsoport Terrel McCaleb vezette a Los Angeles k\u00f6rzet\u00e9ben t\u00f6rt\u00e9n\u0151 \u00f6sszes sorozatgyilkoss\u00e1g nyomoz\u00e1s\u00e1t az FBI-n\u00e1l. Sz\u00edvm\u0171t\u00e9te ut\u00e1n nyugd\u00edjazt\u00e1k, \u00e1m nyomoz\u00f3i&#8230;tov\u00e1bb<\/p>\n","protected":false},"author":1,"featured_media":0,"parent":246,"menu_order":0,"comment_status":"open","ping_status":"open","template":"","meta":{"footnotes":""},"_links":{"self":[{"href":"https:\/\/www.morvaykrisztina.hu\/hu\/wp-json\/wp\/v2\/pages\/702"}],"collection":[{"href":"https:\/\/www.morvaykrisztina.hu\/hu\/wp-json\/wp\/v2\/pages"}],"about":[{"href":"https:\/\/www.morvaykrisztina.hu\/hu\/wp-json\/wp\/v2\/types\/page"}],"author":[{"embeddable":true,"href":"https:\/\/www.morvaykrisztina.hu\/hu\/wp-json\/wp\/v2\/users\/1"}],"replies":[{"embeddable":true,"href":"https:\/\/www.morvaykrisztina.hu\/hu\/wp-json\/wp\/v2\/comments?post=702"}],"version-history":[{"count":0,"href":"https:\/\/www.morvaykrisztina.hu\/hu\/wp-json\/wp\/v2\/pages\/702\/revisions"}],"up":[{"embeddable":true,"href":"https:\/\/www.morvaykrisztina.hu\/hu\/wp-json\/wp\/v2\/pages\/246"}],"wp:attachment":[{"href":"https:\/\/www.morvaykrisztina.hu\/hu\/wp-json\/wp\/v2\/media?parent=702"}],"curies":[{"name":"wp","href":"https:\/\/api.w.org\/{rel}","templated":true}]}}