{"id":694,"date":"2011-12-06T23:18:02","date_gmt":"2011-12-06T22:18:02","guid":{"rendered":"https:\/\/www.morvaykrisztina.hu\/?page_id=694"},"modified":"2015-02-07T15:04:46","modified_gmt":"2015-02-07T14:04:46","slug":"lablec-konyvforditasok-albert-demeo-apam-buneiert","status":"publish","type":"page","link":"https:\/\/www.morvaykrisztina.hu\/hu\/lablec\/lablec-konyvforditasok-albert-demeo-apam-buneiert\/","title":{"rendered":"L\u00e1bl\u00e9c &#8211; K\u00f6nyvford\u00edt\u00e1sok &#8211; Albert DeMeo &#8211; Ap\u00e1m b\u0171nei\u00e9rt"},"content":{"rendered":"<p><\/p>\n<div><img decoding=\"async\" title=\"Albert DeMeo - Ap\u00e1m b\u0171nei\u00e9rt\" src=\"\/wp-content\/uploads\/Albert_DeMeo_-_Apam_buneiert.jpg\" alt=\"Albert DeMeo - Ap\u00e1m b\u0171nei\u00e9rt\" \/><br \/>\n<span class=\"elem-cim\">Albert DeMeo<\/span><br \/>\n<span class=\"elem-alcim\">Ap\u00e1m b\u0171nei\u00e9rt<\/span><br \/>\n<span class=\"elem-text\">A felsz\u00ednen a gengszter \u00e9lete csupa ragyog\u00e1s \u00e9s csillog\u00e1s, tele kalanddal \u00e9s \u00e9rz\u00e9ki, s\u00f6t\u00e9t szem\u0171 n\u0151kkel. A val\u00f3s\u00e1gban azonban&#8230;<\/span><a href=\"\/hu\/referenciak\/kategoriak\/albert-demeo-apam-buneiert\/\">tov\u00e1bb<\/a><\/div>\n<p><\/p>","protected":false},"excerpt":{"rendered":"<p>Albert DeMeo Ap\u00e1m b\u0171nei\u00e9rt A felsz\u00ednen a gengszter \u00e9lete csupa ragyog\u00e1s \u00e9s csillog\u00e1s, tele kalanddal \u00e9s \u00e9rz\u00e9ki, s\u00f6t\u00e9t szem\u0171 n\u0151kkel. A val\u00f3s\u00e1gban azonban&#8230;tov\u00e1bb<\/p>\n","protected":false},"author":1,"featured_media":0,"parent":246,"menu_order":0,"comment_status":"open","ping_status":"open","template":"","meta":{"footnotes":""},"_links":{"self":[{"href":"https:\/\/www.morvaykrisztina.hu\/hu\/wp-json\/wp\/v2\/pages\/694"}],"collection":[{"href":"https:\/\/www.morvaykrisztina.hu\/hu\/wp-json\/wp\/v2\/pages"}],"about":[{"href":"https:\/\/www.morvaykrisztina.hu\/hu\/wp-json\/wp\/v2\/types\/page"}],"author":[{"embeddable":true,"href":"https:\/\/www.morvaykrisztina.hu\/hu\/wp-json\/wp\/v2\/users\/1"}],"replies":[{"embeddable":true,"href":"https:\/\/www.morvaykrisztina.hu\/hu\/wp-json\/wp\/v2\/comments?post=694"}],"version-history":[{"count":0,"href":"https:\/\/www.morvaykrisztina.hu\/hu\/wp-json\/wp\/v2\/pages\/694\/revisions"}],"up":[{"embeddable":true,"href":"https:\/\/www.morvaykrisztina.hu\/hu\/wp-json\/wp\/v2\/pages\/246"}],"wp:attachment":[{"href":"https:\/\/www.morvaykrisztina.hu\/hu\/wp-json\/wp\/v2\/media?parent=694"}],"curies":[{"name":"wp","href":"https:\/\/api.w.org\/{rel}","templated":true}]}}