{"id":690,"date":"2011-12-06T23:13:52","date_gmt":"2011-12-06T22:13:52","guid":{"rendered":"https:\/\/www.morvaykrisztina.hu\/?page_id=690"},"modified":"2015-02-07T14:38:02","modified_gmt":"2015-02-07T13:38:02","slug":"lablec-konyvforditasok-lou-weber-a-sutes-bibliaja","status":"publish","type":"page","link":"https:\/\/www.morvaykrisztina.hu\/hu\/lablec\/lablec-konyvforditasok-lou-weber-a-sutes-bibliaja\/","title":{"rendered":"L\u00e1bl\u00e9c &#8211; K\u00f6nyvford\u00edt\u00e1sok &#8211; Lou Weber &#8211; A s\u00fct\u00e9s bibli\u00e1ja"},"content":{"rendered":"<p><\/p>\n<div><img decoding=\"async\" src=\"\/wp-content\/uploads\/Lou_Weber_-_A_sutes_bibliaja.jpg\" alt=\"Lou Weber - A s\u00fct\u00e9s bibli\u00e1ja\" title=\"Lou Weber - A s\u00fct\u00e9s bibli\u00e1ja\" \/><br \/>\n<span class=\"elem-cim\">Lou Weber<\/span><br \/>\n<span class=\"elem-alcim\">A s\u00fct\u00e9s bibli\u00e1ja<\/span><br \/>\n<span class=\"elem-text\">T\u00f6bb mint 150 ellen\u00e1llhatatlan s\u00fctnival\u00f3. Az \u00ednycsikland\u00f3 kenyerek, mennyei tort\u00e1k, fens\u00e9ges pit\u00e9k, fantasztikus desszertek, ellen\u00e1llhatatlan&#8230;<\/span><a href=\"\/hu\/referenciak\/kategoriak\/lou-weber-a-sutes-bibliaja\/\">tov\u00e1bb<\/a><\/div>\n<p><\/p>","protected":false},"excerpt":{"rendered":"<p>Lou Weber A s\u00fct\u00e9s bibli\u00e1ja T\u00f6bb mint 150 ellen\u00e1llhatatlan s\u00fctnival\u00f3. Az \u00ednycsikland\u00f3 kenyerek, mennyei tort\u00e1k, fens\u00e9ges pit\u00e9k, fantasztikus desszertek, ellen\u00e1llhatatlan&#8230;tov\u00e1bb<\/p>\n","protected":false},"author":1,"featured_media":0,"parent":246,"menu_order":0,"comment_status":"open","ping_status":"open","template":"","meta":{"footnotes":""},"_links":{"self":[{"href":"https:\/\/www.morvaykrisztina.hu\/hu\/wp-json\/wp\/v2\/pages\/690"}],"collection":[{"href":"https:\/\/www.morvaykrisztina.hu\/hu\/wp-json\/wp\/v2\/pages"}],"about":[{"href":"https:\/\/www.morvaykrisztina.hu\/hu\/wp-json\/wp\/v2\/types\/page"}],"author":[{"embeddable":true,"href":"https:\/\/www.morvaykrisztina.hu\/hu\/wp-json\/wp\/v2\/users\/1"}],"replies":[{"embeddable":true,"href":"https:\/\/www.morvaykrisztina.hu\/hu\/wp-json\/wp\/v2\/comments?post=690"}],"version-history":[{"count":0,"href":"https:\/\/www.morvaykrisztina.hu\/hu\/wp-json\/wp\/v2\/pages\/690\/revisions"}],"up":[{"embeddable":true,"href":"https:\/\/www.morvaykrisztina.hu\/hu\/wp-json\/wp\/v2\/pages\/246"}],"wp:attachment":[{"href":"https:\/\/www.morvaykrisztina.hu\/hu\/wp-json\/wp\/v2\/media?parent=690"}],"curies":[{"name":"wp","href":"https:\/\/api.w.org\/{rel}","templated":true}]}}