{"id":68,"date":"2011-08-31T22:46:20","date_gmt":"2011-08-31T20:46:20","guid":{"rendered":"https:\/\/www.morvaykrisztina.hu\/?page_id=68"},"modified":"2012-11-28T21:45:46","modified_gmt":"2012-11-28T20:45:46","slug":"fooldal-forditas","status":"publish","type":"page","link":"https:\/\/www.morvaykrisztina.hu\/hu\/fooldal-forditas\/","title":{"rendered":"F\u0151oldal &#8211; Ford\u00edt\u00e1s"},"content":{"rendered":"<p><span class=\"firstRow\">A j\u00f3 ford\u00edt\u00e1shoz a nyelvismeret<\/span><br \/> mellett elengedhetetlen a forr\u00e1snyelvi \u00e9s c\u00e9lnyelvi kult\u00fara alapos ismerete is, valamint a szakmai ig\u00e9nyess\u00e9g, a kreativit\u00e1s \u00e9s a megb\u00edzhat\u00f3s\u00e1g.<\/p>","protected":false},"excerpt":{"rendered":"<p>A j\u00f3 ford\u00edt\u00e1shoz a nyelvismeret mellett elengedhetetlen a forr\u00e1snyelvi \u00e9s c\u00e9lnyelvi kult\u00fara alapos ismerete is, valamint a szakmai ig\u00e9nyess\u00e9g, a kreativit\u00e1s \u00e9s a megb\u00edzhat\u00f3s\u00e1g.<\/p>\n","protected":false},"author":1,"featured_media":0,"parent":0,"menu_order":0,"comment_status":"open","ping_status":"open","template":"","meta":{"footnotes":""},"_links":{"self":[{"href":"https:\/\/www.morvaykrisztina.hu\/hu\/wp-json\/wp\/v2\/pages\/68"}],"collection":[{"href":"https:\/\/www.morvaykrisztina.hu\/hu\/wp-json\/wp\/v2\/pages"}],"about":[{"href":"https:\/\/www.morvaykrisztina.hu\/hu\/wp-json\/wp\/v2\/types\/page"}],"author":[{"embeddable":true,"href":"https:\/\/www.morvaykrisztina.hu\/hu\/wp-json\/wp\/v2\/users\/1"}],"replies":[{"embeddable":true,"href":"https:\/\/www.morvaykrisztina.hu\/hu\/wp-json\/wp\/v2\/comments?post=68"}],"version-history":[{"count":0,"href":"https:\/\/www.morvaykrisztina.hu\/hu\/wp-json\/wp\/v2\/pages\/68\/revisions"}],"wp:attachment":[{"href":"https:\/\/www.morvaykrisztina.hu\/hu\/wp-json\/wp\/v2\/media?parent=68"}],"curies":[{"name":"wp","href":"https:\/\/api.w.org\/{rel}","templated":true}]}}