{"id":669,"date":"2011-12-06T22:50:58","date_gmt":"2011-12-06T21:50:58","guid":{"rendered":"https:\/\/www.morvaykrisztina.hu\/?page_id=669"},"modified":"2015-02-07T14:36:05","modified_gmt":"2015-02-07T13:36:05","slug":"lablec-konyvforditasok-patricia-cornwell-doglegy","status":"publish","type":"page","link":"https:\/\/www.morvaykrisztina.hu\/hu\/lablec\/lablec-konyvforditasok-patricia-cornwell-doglegy\/","title":{"rendered":"L\u00e1bl\u00e9c &#8211; K\u00f6nyvford\u00edt\u00e1sok &#8211; Patricia Cornwell &#8211; D\u00f6gl\u00e9gy"},"content":{"rendered":"<p><\/p>\n<div><img decoding=\"async\" src=\"\/wp-content\/uploads\/Patricia_Cornwell_-_Doglegy.jpg\" alt=\"Patricia Cornwell - D\u00f6gl\u00e9gy\" title=\"Patricia Cornwell - D\u00f6gl\u00e9gy\" \/><br \/>\n<span class=\"elem-cim\">Patricia Cornwell<\/span><br \/>\n<span class=\"elem-alcim\">D\u00f6gl\u00e9gy<\/span><br \/>\n<span class=\"elem-text\">A D\u00f6gl\u00e9gyben Scarpetta \u00faj \u00e9let\u00e9nek kialak\u00edt\u00e1s\u00e1n f\u00e1radozik, miut\u00e1n virginiai igazs\u00e1g\u00fcgyi orvos szak\u00e9rt\u0151i karrierje viharos k\u00f6r\u00fclm\u00e9nyek k\u00f6z\u00f6tt v\u00e9get \u00e9rt&#8230;<\/span><a href=\"\/hu\/referenciak\/kategoriak\/patricia-cornwell-doglegy\/\">tov\u00e1bb<\/a><\/div>\n<p><\/p>","protected":false},"excerpt":{"rendered":"<p>Patricia Cornwell D\u00f6gl\u00e9gy A D\u00f6gl\u00e9gyben Scarpetta \u00faj \u00e9let\u00e9nek kialak\u00edt\u00e1s\u00e1n f\u00e1radozik, miut\u00e1n virginiai igazs\u00e1g\u00fcgyi orvos szak\u00e9rt\u0151i karrierje viharos k\u00f6r\u00fclm\u00e9nyek k\u00f6z\u00f6tt v\u00e9get \u00e9rt&#8230;tov\u00e1bb<\/p>\n","protected":false},"author":1,"featured_media":0,"parent":246,"menu_order":0,"comment_status":"open","ping_status":"open","template":"","meta":{"footnotes":""},"_links":{"self":[{"href":"https:\/\/www.morvaykrisztina.hu\/hu\/wp-json\/wp\/v2\/pages\/669"}],"collection":[{"href":"https:\/\/www.morvaykrisztina.hu\/hu\/wp-json\/wp\/v2\/pages"}],"about":[{"href":"https:\/\/www.morvaykrisztina.hu\/hu\/wp-json\/wp\/v2\/types\/page"}],"author":[{"embeddable":true,"href":"https:\/\/www.morvaykrisztina.hu\/hu\/wp-json\/wp\/v2\/users\/1"}],"replies":[{"embeddable":true,"href":"https:\/\/www.morvaykrisztina.hu\/hu\/wp-json\/wp\/v2\/comments?post=669"}],"version-history":[{"count":0,"href":"https:\/\/www.morvaykrisztina.hu\/hu\/wp-json\/wp\/v2\/pages\/669\/revisions"}],"up":[{"embeddable":true,"href":"https:\/\/www.morvaykrisztina.hu\/hu\/wp-json\/wp\/v2\/pages\/246"}],"wp:attachment":[{"href":"https:\/\/www.morvaykrisztina.hu\/hu\/wp-json\/wp\/v2\/media?parent=669"}],"curies":[{"name":"wp","href":"https:\/\/api.w.org\/{rel}","templated":true}]}}