{"id":664,"date":"2011-12-06T22:46:41","date_gmt":"2011-12-06T21:46:41","guid":{"rendered":"https:\/\/www.morvaykrisztina.hu\/?page_id=664"},"modified":"2015-02-07T14:33:56","modified_gmt":"2015-02-07T13:33:56","slug":"lablec-konyvforditasok-wayne-westcott-rita-la-rosa-loud-harc-a-cellulitisz-ellen","status":"publish","type":"page","link":"https:\/\/www.morvaykrisztina.hu\/hu\/lablec\/lablec-konyvforditasok-wayne-westcott-rita-la-rosa-loud-harc-a-cellulitisz-ellen\/","title":{"rendered":"L\u00e1bl\u00e9c &#8211; K\u00f6nyvford\u00edt\u00e1sok &#8211; Wayne Westcott, Rita La Rosa Loud &#8211; Harc a cellulitisz ellen"},"content":{"rendered":"<p><\/p>\n<div><img decoding=\"async\" src=\"\/wp-content\/uploads\/Wayne_Westcott__Rita_La_Rosa_Loud_-_Harc_a_cellulitisz_ellen.jpg\" alt=\"Wayne Westcott, Rita La Rosa Loud - Harc a cellulitisz ellen\" title=\"Wayne Westcott, Rita La Rosa Loud - Harc a cellulitisz ellen\" \/><br \/>\n<span class=\"elem-cim\">W. Westcott, Rita La Rosa Loud<\/span><br \/>\n<span class=\"elem-alcim\">Harc a cellulitisz ellen<\/span><br \/>\n<span class=\"elem-text\">Ha a combon, cs\u00edp\u0151n \u00e9s a fen\u00e9ken az egyenetlen, fodros, r\u00e1ncos b\u0151r mindenf\u00e9le elt\u00fcntet\u00e9si k\u00eds\u00e9rletnek ellen\u00e1ll, akkor a Harc a cellulitisz ellen a megold\u00e1s&#8230;.<\/span><a href=\"\/hu\/referenciak\/kategoriak\/wayne-westcott-rita-la-rosa-loud-harc-a-cellulitisz-ellen\/\">tov\u00e1bb<\/a><\/div>\n<p><\/p>","protected":false},"excerpt":{"rendered":"<p>W. Westcott, Rita La Rosa Loud Harc a cellulitisz ellen Ha a combon, cs\u00edp\u0151n \u00e9s a fen\u00e9ken az egyenetlen, fodros, r\u00e1ncos b\u0151r mindenf\u00e9le elt\u00fcntet\u00e9si k\u00eds\u00e9rletnek ellen\u00e1ll, akkor a Harc a cellulitisz ellen a megold\u00e1s&#8230;.tov\u00e1bb<\/p>\n","protected":false},"author":1,"featured_media":0,"parent":246,"menu_order":0,"comment_status":"open","ping_status":"open","template":"","meta":{"footnotes":""},"_links":{"self":[{"href":"https:\/\/www.morvaykrisztina.hu\/hu\/wp-json\/wp\/v2\/pages\/664"}],"collection":[{"href":"https:\/\/www.morvaykrisztina.hu\/hu\/wp-json\/wp\/v2\/pages"}],"about":[{"href":"https:\/\/www.morvaykrisztina.hu\/hu\/wp-json\/wp\/v2\/types\/page"}],"author":[{"embeddable":true,"href":"https:\/\/www.morvaykrisztina.hu\/hu\/wp-json\/wp\/v2\/users\/1"}],"replies":[{"embeddable":true,"href":"https:\/\/www.morvaykrisztina.hu\/hu\/wp-json\/wp\/v2\/comments?post=664"}],"version-history":[{"count":0,"href":"https:\/\/www.morvaykrisztina.hu\/hu\/wp-json\/wp\/v2\/pages\/664\/revisions"}],"up":[{"embeddable":true,"href":"https:\/\/www.morvaykrisztina.hu\/hu\/wp-json\/wp\/v2\/pages\/246"}],"wp:attachment":[{"href":"https:\/\/www.morvaykrisztina.hu\/hu\/wp-json\/wp\/v2\/media?parent=664"}],"curies":[{"name":"wp","href":"https:\/\/api.w.org\/{rel}","templated":true}]}}