{"id":658,"date":"2011-12-06T22:42:26","date_gmt":"2011-12-06T21:42:26","guid":{"rendered":"https:\/\/www.morvaykrisztina.hu\/?page_id=658"},"modified":"2015-02-07T14:37:02","modified_gmt":"2015-02-07T13:37:02","slug":"lablec-konyvforditasok-michael-connelly-feny-az-alagut-vegen","status":"publish","type":"page","link":"https:\/\/www.morvaykrisztina.hu\/hu\/lablec\/lablec-konyvforditasok-michael-connelly-feny-az-alagut-vegen\/","title":{"rendered":"L\u00e1bl\u00e9c &#8211; K\u00f6nyvford\u00edt\u00e1sok &#8211; Michael Connelly &#8211; F\u00e9ny az alag\u00fat v\u00e9g\u00e9n"},"content":{"rendered":"<p><\/p>\n<div><img decoding=\"async\" src=\"\/wp-content\/uploads\/Michael_Connelly_-_Feny_az_alagut_vegen.jpg\" alt=\"Michael Connelly - F\u00e9ny az alag\u00fat v\u00e9g\u00e9n\" title=\"Michael Connelly - F\u00e9ny az alag\u00fat v\u00e9g\u00e9n\" \/><br \/>\n<span class=\"elem-cim\">Michael Connelly<\/span><br \/>\n<span class=\"elem-alcim\">F\u00e9ny az alag\u00fat v\u00e9g\u00e9n<\/span><br \/>\n<span class=\"elem-text\">A reg\u00e9ny f\u0151h\u0151se teljes elsz\u00e1nts\u00e1ggal veti mag\u00e1t az \u00fcgybe, elt\u00f6k\u00e9lten arra, hogy az igazs\u00e1got szolg\u00e1ltat egy fiatal n\u0151 sz\u00e1m\u00e1ra&#8230;<\/span><a href=\"\/hu\/referenciak\/kategoriak\/michael-connelly-feny-az-alagut-vegen\/\">tov\u00e1bb<\/a><\/div>\n<p><\/p>","protected":false},"excerpt":{"rendered":"<p>Michael Connelly F\u00e9ny az alag\u00fat v\u00e9g\u00e9n A reg\u00e9ny f\u0151h\u0151se teljes elsz\u00e1nts\u00e1ggal veti mag\u00e1t az \u00fcgybe, elt\u00f6k\u00e9lten arra, hogy az igazs\u00e1got szolg\u00e1ltat egy fiatal n\u0151 sz\u00e1m\u00e1ra&#8230;tov\u00e1bb<\/p>\n","protected":false},"author":1,"featured_media":0,"parent":246,"menu_order":0,"comment_status":"open","ping_status":"open","template":"","meta":{"footnotes":""},"_links":{"self":[{"href":"https:\/\/www.morvaykrisztina.hu\/hu\/wp-json\/wp\/v2\/pages\/658"}],"collection":[{"href":"https:\/\/www.morvaykrisztina.hu\/hu\/wp-json\/wp\/v2\/pages"}],"about":[{"href":"https:\/\/www.morvaykrisztina.hu\/hu\/wp-json\/wp\/v2\/types\/page"}],"author":[{"embeddable":true,"href":"https:\/\/www.morvaykrisztina.hu\/hu\/wp-json\/wp\/v2\/users\/1"}],"replies":[{"embeddable":true,"href":"https:\/\/www.morvaykrisztina.hu\/hu\/wp-json\/wp\/v2\/comments?post=658"}],"version-history":[{"count":0,"href":"https:\/\/www.morvaykrisztina.hu\/hu\/wp-json\/wp\/v2\/pages\/658\/revisions"}],"up":[{"embeddable":true,"href":"https:\/\/www.morvaykrisztina.hu\/hu\/wp-json\/wp\/v2\/pages\/246"}],"wp:attachment":[{"href":"https:\/\/www.morvaykrisztina.hu\/hu\/wp-json\/wp\/v2\/media?parent=658"}],"curies":[{"name":"wp","href":"https:\/\/api.w.org\/{rel}","templated":true}]}}