{"id":654,"date":"2011-12-06T22:39:06","date_gmt":"2011-12-06T21:39:06","guid":{"rendered":"https:\/\/www.morvaykrisztina.hu\/?page_id=654"},"modified":"2015-02-07T14:57:28","modified_gmt":"2015-02-07T13:57:28","slug":"lablec-konyvforditasok-larry-verstraete-tulelok-visszateres-a-halal-torkabol","status":"publish","type":"page","link":"https:\/\/www.morvaykrisztina.hu\/hu\/lablec\/lablec-konyvforditasok-larry-verstraete-tulelok-visszateres-a-halal-torkabol\/","title":{"rendered":"L\u00e1bl\u00e9c &#8211; K\u00f6nyvford\u00edt\u00e1sok &#8211; Larry Verstraete &#8211; T\u00fal\u00e9l\u0151k &#8211; Visszat\u00e9r\u00e9s a hal\u00e1l tork\u00e1b\u00f3l"},"content":{"rendered":"<p><\/p>\n<div><img decoding=\"async\" src=\"\/wp-content\/uploads\/Larry_Verstraete_-_Tulelok_-_Visszateres_a_halal_torkabol.jpg\" alt=\"Larry Verstraete - T\u00fal\u00e9l\u0151k - Visszat\u00e9r\u00e9s a hal\u00e1l tork\u00e1b\u00f3l\" title=\"Larry Verstraete - T\u00fal\u00e9l\u0151k - Visszat\u00e9r\u00e9s a hal\u00e1l tork\u00e1b\u00f3l\" \/><br \/>\n<span class=\"elem-cim\">Larry Verstraete<\/span><br \/>\n<span class=\"elem-alcim\">T\u00fal\u00e9l\u0151k &#8211; Visszat\u00e9r\u00e9s a hal\u00e1l tork\u00e1b\u00f3l<\/span><br \/>\n<span class=\"elem-text\">A k\u00f6nyvben szerepl\u0151 t\u00fal\u00e9l\u0151k vad c\u00e1p\u00e1k, mindent els\u00f6pr\u0151 lavin\u00e1k, fojtogat\u00f3 g\u00e1zokt\u00f3l f\u00fcst\u00f6lg\u0151 vulk\u00e1ni kr\u00e1terek, l\u00e1ngokban \u00e1ll\u00f3 h\u00e1zak, vad\u00e1llatok t\u00e1mad\u00e1sa&#8230;<\/span><a href=\"\/hu\/referenciak\/kategoriak\/larry-verstraete-tulelok-visszateres-a-halal-torkabol\/\">tov\u00e1bb<\/a><\/div>\n<p><\/p>","protected":false},"excerpt":{"rendered":"<p>Larry Verstraete T\u00fal\u00e9l\u0151k &#8211; Visszat\u00e9r\u00e9s a hal\u00e1l tork\u00e1b\u00f3l A k\u00f6nyvben szerepl\u0151 t\u00fal\u00e9l\u0151k vad c\u00e1p\u00e1k, mindent els\u00f6pr\u0151 lavin\u00e1k, fojtogat\u00f3 g\u00e1zokt\u00f3l f\u00fcst\u00f6lg\u0151 vulk\u00e1ni kr\u00e1terek, l\u00e1ngokban \u00e1ll\u00f3 h\u00e1zak, vad\u00e1llatok t\u00e1mad\u00e1sa&#8230;tov\u00e1bb<\/p>\n","protected":false},"author":1,"featured_media":0,"parent":246,"menu_order":0,"comment_status":"open","ping_status":"open","template":"","meta":{"footnotes":""},"_links":{"self":[{"href":"https:\/\/www.morvaykrisztina.hu\/hu\/wp-json\/wp\/v2\/pages\/654"}],"collection":[{"href":"https:\/\/www.morvaykrisztina.hu\/hu\/wp-json\/wp\/v2\/pages"}],"about":[{"href":"https:\/\/www.morvaykrisztina.hu\/hu\/wp-json\/wp\/v2\/types\/page"}],"author":[{"embeddable":true,"href":"https:\/\/www.morvaykrisztina.hu\/hu\/wp-json\/wp\/v2\/users\/1"}],"replies":[{"embeddable":true,"href":"https:\/\/www.morvaykrisztina.hu\/hu\/wp-json\/wp\/v2\/comments?post=654"}],"version-history":[{"count":0,"href":"https:\/\/www.morvaykrisztina.hu\/hu\/wp-json\/wp\/v2\/pages\/654\/revisions"}],"up":[{"embeddable":true,"href":"https:\/\/www.morvaykrisztina.hu\/hu\/wp-json\/wp\/v2\/pages\/246"}],"wp:attachment":[{"href":"https:\/\/www.morvaykrisztina.hu\/hu\/wp-json\/wp\/v2\/media?parent=654"}],"curies":[{"name":"wp","href":"https:\/\/api.w.org\/{rel}","templated":true}]}}