{"id":650,"date":"2011-12-06T22:35:38","date_gmt":"2011-12-06T21:35:38","guid":{"rendered":"https:\/\/www.morvaykrisztina.hu\/?page_id=650"},"modified":"2015-02-07T14:37:46","modified_gmt":"2015-02-07T13:37:46","slug":"lablec-konyvforditasok-marg-meikle-tudni-akarod-meglepo-valasz-94-erdekes-kerdesre","status":"publish","type":"page","link":"https:\/\/www.morvaykrisztina.hu\/hu\/lablec\/lablec-konyvforditasok-marg-meikle-tudni-akarod-meglepo-valasz-94-erdekes-kerdesre\/","title":{"rendered":"L\u00e1bl\u00e9c &#8211; K\u00f6nyvford\u00edt\u00e1sok &#8211; Marg Meikle &#8211; Tudni akarod? Meglep\u0151 v\u00e1lasz 94 \u00e9rdekes k\u00e9rd\u00e9sre"},"content":{"rendered":"<p><\/p>\n<div><img decoding=\"async\" src=\"\/wp-content\/uploads\/Marg_Meikle_-_Tudni_akarod__Meglepo_valasz_94_erdekes_kerdesre.jpg\" alt=\"Marg Meikle - Tudni akarod? Meglep\u0151 v\u00e1lasz 94 \u00e9rdekes k\u00e9rd\u00e9sre\" title=\"Marg Meikle - Tudni akarod? Meglep\u0151 v\u00e1lasz 94 \u00e9rdekes k\u00e9rd\u00e9sre\" \/><br \/>\n<span class=\"elem-cim\">Marg Meikle<\/span><br \/>\n<span class=\"elem-alcim\">Tudni akarod? Meglep\u0151 v\u00e1lasz 94 \u00e9rdekes k\u00e9rd\u00e9sre<\/span><br \/>\n<span class=\"elem-text\">Csak a fi\u00fak lehetnek sz\u00ednvakok? Mi\u00e9rt s\u00edrunk hagymav\u00e1g\u00e1s k\u00f6zben? Mi\u00e9rt kezdt\u00fcnk el als\u00f3nem\u0171t viselni? Milyen neh\u00e9z a fej\u00fcnk? Tudni akarod&#8230;<\/span><a href=\"\/hu\/referenciak\/kategoriak\/larry-verstraete-tudni-akarod-meglepo-valasz-94-erdekes-kerdesre\/\">tov\u00e1bb<\/a><\/div>\n<p><\/p>","protected":false},"excerpt":{"rendered":"<p>Marg Meikle Tudni akarod? Meglep\u0151 v\u00e1lasz 94 \u00e9rdekes k\u00e9rd\u00e9sre Csak a fi\u00fak lehetnek sz\u00ednvakok? Mi\u00e9rt s\u00edrunk hagymav\u00e1g\u00e1s k\u00f6zben? Mi\u00e9rt kezdt\u00fcnk el als\u00f3nem\u0171t viselni? Milyen neh\u00e9z a fej\u00fcnk? Tudni akarod&#8230;tov\u00e1bb<\/p>\n","protected":false},"author":1,"featured_media":0,"parent":246,"menu_order":0,"comment_status":"open","ping_status":"open","template":"","meta":{"footnotes":""},"_links":{"self":[{"href":"https:\/\/www.morvaykrisztina.hu\/hu\/wp-json\/wp\/v2\/pages\/650"}],"collection":[{"href":"https:\/\/www.morvaykrisztina.hu\/hu\/wp-json\/wp\/v2\/pages"}],"about":[{"href":"https:\/\/www.morvaykrisztina.hu\/hu\/wp-json\/wp\/v2\/types\/page"}],"author":[{"embeddable":true,"href":"https:\/\/www.morvaykrisztina.hu\/hu\/wp-json\/wp\/v2\/users\/1"}],"replies":[{"embeddable":true,"href":"https:\/\/www.morvaykrisztina.hu\/hu\/wp-json\/wp\/v2\/comments?post=650"}],"version-history":[{"count":0,"href":"https:\/\/www.morvaykrisztina.hu\/hu\/wp-json\/wp\/v2\/pages\/650\/revisions"}],"up":[{"embeddable":true,"href":"https:\/\/www.morvaykrisztina.hu\/hu\/wp-json\/wp\/v2\/pages\/246"}],"wp:attachment":[{"href":"https:\/\/www.morvaykrisztina.hu\/hu\/wp-json\/wp\/v2\/media?parent=650"}],"curies":[{"name":"wp","href":"https:\/\/api.w.org\/{rel}","templated":true}]}}