{"id":647,"date":"2011-12-06T22:32:27","date_gmt":"2011-12-06T21:32:27","guid":{"rendered":"https:\/\/www.morvaykrisztina.hu\/?page_id=647"},"modified":"2015-02-07T14:37:54","modified_gmt":"2015-02-07T13:37:54","slug":"lablec-konyvforditasok-marg-meikle-kivancsi-vagy-meglepo-valasz-114-es-fel-kerdesre","status":"publish","type":"page","link":"https:\/\/www.morvaykrisztina.hu\/hu\/lablec\/lablec-konyvforditasok-marg-meikle-kivancsi-vagy-meglepo-valasz-114-es-fel-kerdesre\/","title":{"rendered":"L\u00e1bl\u00e9c &#8211; K\u00f6nyvford\u00edt\u00e1sok &#8211; Marg Meikle &#8211; K\u00edv\u00e1ncsi vagy? Meglep\u0151 v\u00e1lasz 114 \u00e9s f\u00e9l k\u00e9rd\u00e9sre"},"content":{"rendered":"<p><\/p>\n<div><img decoding=\"async\" src=\"\/wp-content\/uploads\/Marg_Meikle_-_Kivancsi_vagy__Meglepo_valasz_114_es_fel_kerdesre.jpg\" alt=\"Marg Meikle - Kiv\u00e1ncsi vagy? Meglep\u0151 v\u00e1lasz 114 \u00e9s f\u00e9l k\u00e9rd\u00e9sre\" title=\"Marg Meikle - Kiv\u00e1ncsi vagy? Meglep\u0151 v\u00e1lasz 114 \u00e9s f\u00e9l k\u00e9rd\u00e9sre\" \/><br \/>\n<span class=\"elem-cim\">Marg Meikle<\/span><br \/>\n<span class=\"elem-alcim\">K\u00edv\u00e1ncsi vagy? Meglep\u0151 v\u00e1lasz 114 \u00e9s f\u00e9l k\u00e9rd\u00e9sre<\/span><br \/>\n<span class=\"elem-text\">T\u00e9nyleg a f\u00e9rfiak viseltek el\u0151sz\u00f6r magas sark\u00fa cip\u0151t? Mi\u00e9rt nem tudjuk megcsiklandozni \u00f6nmagunkat? \u00c1lmodnak-e az \u00e1llatok&#8230;<\/span><a href=\"\/hu\/referenciak\/kategoriak\/marg-meikle-kivancsi-vagy-meglepo-valasz-114-es-fel-kerdesre\/\">tov\u00e1bb<\/a><\/div>\n<p><\/p>","protected":false},"excerpt":{"rendered":"<p>Marg Meikle K\u00edv\u00e1ncsi vagy? Meglep\u0151 v\u00e1lasz 114 \u00e9s f\u00e9l k\u00e9rd\u00e9sre T\u00e9nyleg a f\u00e9rfiak viseltek el\u0151sz\u00f6r magas sark\u00fa cip\u0151t? Mi\u00e9rt nem tudjuk megcsiklandozni \u00f6nmagunkat? \u00c1lmodnak-e az \u00e1llatok&#8230;tov\u00e1bb<\/p>\n","protected":false},"author":1,"featured_media":0,"parent":246,"menu_order":0,"comment_status":"open","ping_status":"open","template":"","meta":{"footnotes":""},"_links":{"self":[{"href":"https:\/\/www.morvaykrisztina.hu\/hu\/wp-json\/wp\/v2\/pages\/647"}],"collection":[{"href":"https:\/\/www.morvaykrisztina.hu\/hu\/wp-json\/wp\/v2\/pages"}],"about":[{"href":"https:\/\/www.morvaykrisztina.hu\/hu\/wp-json\/wp\/v2\/types\/page"}],"author":[{"embeddable":true,"href":"https:\/\/www.morvaykrisztina.hu\/hu\/wp-json\/wp\/v2\/users\/1"}],"replies":[{"embeddable":true,"href":"https:\/\/www.morvaykrisztina.hu\/hu\/wp-json\/wp\/v2\/comments?post=647"}],"version-history":[{"count":0,"href":"https:\/\/www.morvaykrisztina.hu\/hu\/wp-json\/wp\/v2\/pages\/647\/revisions"}],"up":[{"embeddable":true,"href":"https:\/\/www.morvaykrisztina.hu\/hu\/wp-json\/wp\/v2\/pages\/246"}],"wp:attachment":[{"href":"https:\/\/www.morvaykrisztina.hu\/hu\/wp-json\/wp\/v2\/media?parent=647"}],"curies":[{"name":"wp","href":"https:\/\/api.w.org\/{rel}","templated":true}]}}