{"id":636,"date":"2011-12-06T21:58:12","date_gmt":"2011-12-06T20:58:12","guid":{"rendered":"https:\/\/www.morvaykrisztina.hu\/?page_id=636"},"modified":"2015-02-07T15:03:25","modified_gmt":"2015-02-07T14:03:25","slug":"lablec-konyvforditasok-csodakoktelok-a-masnapossag-ellen","status":"publish","type":"page","link":"https:\/\/www.morvaykrisztina.hu\/hu\/lablec\/lablec-konyvforditasok-csodakoktelok-a-masnapossag-ellen\/","title":{"rendered":"L\u00e1bl\u00e9c &#8211; K\u00f6nyvford\u00edt\u00e1sok &#8211; Hamlyn and Nikoli &#8211; Csodakokt\u00e9lok: A m\u00e1snaposs\u00e1g ellen"},"content":{"rendered":"<p><\/p>\n<div><img decoding=\"async\" src=\"\/wp-content\/uploads\/Csodakoktelok__A_masnapossag_ellen.jpg\" alt=\"Csodakokt\u00e9lok: A m\u00e1snaposs\u00e1g ellen\" title=\"Csodakokt\u00e9lok: A m\u00e1snaposs\u00e1g ellen\" \/><br \/>\n<span class=\"elem-cim\">Hamlyn and Nikoli<\/span><br \/>\n<span class=\"elem-alcim\">Csodakokt\u00e9lok: A m\u00e1snaposs\u00e1g ellen<\/span><br \/>\n<span class=\"elem-text\">F\u00e1j a feje, h\u00e1nyingere van \u00e9s remeg? Csillap\u00edtsa le h\u00e1borg\u00f3 gyomr\u00e1t \u00e9s \u00e1ll\u00edtsa helyre szervezete v\u00edzh\u00e1ztart\u00e1s\u00e1t az iv\u00f3levek term\u00e9szetes erej\u00e9vel&#8230;<\/span><a href=\"\/hu\/referenciak\/kategoriak\/csodakoktelok-a-masnapossag-ellen\/\">tov\u00e1bb<\/a><\/div>\n<p><\/p>","protected":false},"excerpt":{"rendered":"<p>Hamlyn and Nikoli Csodakokt\u00e9lok: A m\u00e1snaposs\u00e1g ellen F\u00e1j a feje, h\u00e1nyingere van \u00e9s remeg? Csillap\u00edtsa le h\u00e1borg\u00f3 gyomr\u00e1t \u00e9s \u00e1ll\u00edtsa helyre szervezete v\u00edzh\u00e1ztart\u00e1s\u00e1t az iv\u00f3levek term\u00e9szetes erej\u00e9vel&#8230;tov\u00e1bb<\/p>\n","protected":false},"author":1,"featured_media":0,"parent":246,"menu_order":0,"comment_status":"open","ping_status":"open","template":"","meta":{"footnotes":""},"_links":{"self":[{"href":"https:\/\/www.morvaykrisztina.hu\/hu\/wp-json\/wp\/v2\/pages\/636"}],"collection":[{"href":"https:\/\/www.morvaykrisztina.hu\/hu\/wp-json\/wp\/v2\/pages"}],"about":[{"href":"https:\/\/www.morvaykrisztina.hu\/hu\/wp-json\/wp\/v2\/types\/page"}],"author":[{"embeddable":true,"href":"https:\/\/www.morvaykrisztina.hu\/hu\/wp-json\/wp\/v2\/users\/1"}],"replies":[{"embeddable":true,"href":"https:\/\/www.morvaykrisztina.hu\/hu\/wp-json\/wp\/v2\/comments?post=636"}],"version-history":[{"count":0,"href":"https:\/\/www.morvaykrisztina.hu\/hu\/wp-json\/wp\/v2\/pages\/636\/revisions"}],"up":[{"embeddable":true,"href":"https:\/\/www.morvaykrisztina.hu\/hu\/wp-json\/wp\/v2\/pages\/246"}],"wp:attachment":[{"href":"https:\/\/www.morvaykrisztina.hu\/hu\/wp-json\/wp\/v2\/media?parent=636"}],"curies":[{"name":"wp","href":"https:\/\/api.w.org\/{rel}","templated":true}]}}