{"id":633,"date":"2011-12-06T21:55:51","date_gmt":"2011-12-06T20:55:51","guid":{"rendered":"https:\/\/www.morvaykrisztina.hu\/?page_id=633"},"modified":"2015-02-07T14:34:30","modified_gmt":"2015-02-07T13:34:30","slug":"lablec-konyvforditasok-sell-colleen-egy-csesze-vigasz-a-leleknek","status":"publish","type":"page","link":"https:\/\/www.morvaykrisztina.hu\/hu\/lablec\/lablec-konyvforditasok-sell-colleen-egy-csesze-vigasz-a-leleknek\/","title":{"rendered":"L\u00e1bl\u00e9c &#8211; K\u00f6nyvford\u00edt\u00e1sok &#8211; Sell Colleen &#8211; Egy cs\u00e9sze vigasz a l\u00e9leknek"},"content":{"rendered":"<p><\/p>\n<div><img decoding=\"async\" src=\"\/wp-content\/uploads\/Sell_Colleen_-_Egy_csesze_vigasz_a_leleknek.jpg\" alt=\"Sell Colleen - Egy cs\u00e9sze vigasz a l\u00e9leknek\" title=\"Sell Colleen - Egy cs\u00e9sze vigasz a l\u00e9leknek\" \/><br \/>\n<span class=\"elem-cim\">Sell Colleen<\/span><br \/>\n<span class=\"elem-alcim\">Egy cs\u00e9sze vigasz a l\u00e9leknek<\/span><br \/>\n<span class=\"elem-text\">Osztozzon azoknak az \u00f6r\u00f6m\u00e9ben, akik megmutatt\u00e1k, hogy m\u00e1sk\u00e9pp is lehet&#8230;<\/span><a href=\"\/hu\/referenciak\/kategoriak\/sell-colleen-egy-csesze-vigasz-a-leleknek\/\">tov\u00e1bb<\/a><\/div>\n<p><\/p>","protected":false},"excerpt":{"rendered":"<p>Sell Colleen Egy cs\u00e9sze vigasz a l\u00e9leknek Osztozzon azoknak az \u00f6r\u00f6m\u00e9ben, akik megmutatt\u00e1k, hogy m\u00e1sk\u00e9pp is lehet&#8230;tov\u00e1bb<\/p>\n","protected":false},"author":1,"featured_media":0,"parent":246,"menu_order":0,"comment_status":"open","ping_status":"open","template":"","meta":{"footnotes":""},"_links":{"self":[{"href":"https:\/\/www.morvaykrisztina.hu\/hu\/wp-json\/wp\/v2\/pages\/633"}],"collection":[{"href":"https:\/\/www.morvaykrisztina.hu\/hu\/wp-json\/wp\/v2\/pages"}],"about":[{"href":"https:\/\/www.morvaykrisztina.hu\/hu\/wp-json\/wp\/v2\/types\/page"}],"author":[{"embeddable":true,"href":"https:\/\/www.morvaykrisztina.hu\/hu\/wp-json\/wp\/v2\/users\/1"}],"replies":[{"embeddable":true,"href":"https:\/\/www.morvaykrisztina.hu\/hu\/wp-json\/wp\/v2\/comments?post=633"}],"version-history":[{"count":0,"href":"https:\/\/www.morvaykrisztina.hu\/hu\/wp-json\/wp\/v2\/pages\/633\/revisions"}],"up":[{"embeddable":true,"href":"https:\/\/www.morvaykrisztina.hu\/hu\/wp-json\/wp\/v2\/pages\/246"}],"wp:attachment":[{"href":"https:\/\/www.morvaykrisztina.hu\/hu\/wp-json\/wp\/v2\/media?parent=633"}],"curies":[{"name":"wp","href":"https:\/\/api.w.org\/{rel}","templated":true}]}}