{"id":618,"date":"2011-12-06T21:30:00","date_gmt":"2011-12-06T20:30:00","guid":{"rendered":"https:\/\/www.morvaykrisztina.hu\/?page_id=618"},"modified":"2015-02-07T14:34:20","modified_gmt":"2015-02-07T13:34:20","slug":"lablec-konyvforditasok-sell-colleen-egy-csesze-vigasz-karacsonyra","status":"publish","type":"page","link":"https:\/\/www.morvaykrisztina.hu\/hu\/lablec\/lablec-konyvforditasok-sell-colleen-egy-csesze-vigasz-karacsonyra\/","title":{"rendered":"L\u00e1bl\u00e9c &#8211; K\u00f6nyvford\u00edt\u00e1sok &#8211; Sell Colleen &#8211; Egy cs\u00e9sze vigasz kar\u00e1csonyra"},"content":{"rendered":"<p><\/p>\n<div><img decoding=\"async\" src=\"\/wp-content\/uploads\/Sell_Colleen_-_Egy_csesze_vigasz_karacsonyra.jpg\" alt=\"Sell Colleen - Egy cs\u00e9sze vigasz kar\u00e1csonyra\" title=\"Sell Colleen - Egy cs\u00e9sze vigasz kar\u00e1csonyra\" \/><br \/>\n<span class=\"elem-cim\">Sell Colleen<\/span><br \/>\n<span class=\"elem-alcim\">Egy cs\u00e9sze vigasz kar\u00e1csonyra<\/span><br \/>\n<span class=\"elem-text\">Ennek a lelkes\u00edt\u0151 gy\u0171jtem\u00e9nynek a darabjai \u00f6r\u00f6mteli eml\u00e9keztet\u0151k arra, hogy mir\u0151l is sz\u00f3lnak az \u00fcnnepek&#8230;<\/span><a href=\"\/hu\/referenciak\/kategoriak\/sell-colleen-egy-csesze-vigasz-karacsonyra\/\">tov\u00e1bb<\/a><\/div>\n<p><\/p>","protected":false},"excerpt":{"rendered":"<p>Sell Colleen Egy cs\u00e9sze vigasz kar\u00e1csonyra Ennek a lelkes\u00edt\u0151 gy\u0171jtem\u00e9nynek a darabjai \u00f6r\u00f6mteli eml\u00e9keztet\u0151k arra, hogy mir\u0151l is sz\u00f3lnak az \u00fcnnepek&#8230;tov\u00e1bb<\/p>\n","protected":false},"author":1,"featured_media":0,"parent":246,"menu_order":0,"comment_status":"open","ping_status":"open","template":"","meta":{"footnotes":""},"_links":{"self":[{"href":"https:\/\/www.morvaykrisztina.hu\/hu\/wp-json\/wp\/v2\/pages\/618"}],"collection":[{"href":"https:\/\/www.morvaykrisztina.hu\/hu\/wp-json\/wp\/v2\/pages"}],"about":[{"href":"https:\/\/www.morvaykrisztina.hu\/hu\/wp-json\/wp\/v2\/types\/page"}],"author":[{"embeddable":true,"href":"https:\/\/www.morvaykrisztina.hu\/hu\/wp-json\/wp\/v2\/users\/1"}],"replies":[{"embeddable":true,"href":"https:\/\/www.morvaykrisztina.hu\/hu\/wp-json\/wp\/v2\/comments?post=618"}],"version-history":[{"count":0,"href":"https:\/\/www.morvaykrisztina.hu\/hu\/wp-json\/wp\/v2\/pages\/618\/revisions"}],"up":[{"embeddable":true,"href":"https:\/\/www.morvaykrisztina.hu\/hu\/wp-json\/wp\/v2\/pages\/246"}],"wp:attachment":[{"href":"https:\/\/www.morvaykrisztina.hu\/hu\/wp-json\/wp\/v2\/media?parent=618"}],"curies":[{"name":"wp","href":"https:\/\/api.w.org\/{rel}","templated":true}]}}