{"id":597,"date":"2011-12-06T21:16:10","date_gmt":"2011-12-06T20:16:10","guid":{"rendered":"https:\/\/www.morvaykrisztina.hu\/?page_id=597"},"modified":"2015-02-07T15:04:11","modified_gmt":"2015-02-07T14:04:11","slug":"lablec-konyvforditasok-dorothy-einon-kreativ-gyerek-a-termeszetes-tehetseg-felismerese-es-fejlesztese","status":"publish","type":"page","link":"https:\/\/www.morvaykrisztina.hu\/hu\/lablec\/lablec-konyvforditasok-dorothy-einon-kreativ-gyerek-a-termeszetes-tehetseg-felismerese-es-fejlesztese\/","title":{"rendered":"L\u00e1bl\u00e9c &#8211; K\u00f6nyvford\u00edt\u00e1sok &#8211; Dorothy Einon &#8211; Kreat\u00edv gyerek: A term\u00e9szetes tehets\u00e9g felismer\u00e9se \u00e9s fejleszt\u00e9se"},"content":{"rendered":"<p><\/p>\n<div><img decoding=\"async\" src=\"\/wp-content\/uploads\/Dorothy_Einon_-_Kreativ_gyerek__A_termeszetes_tehetseg_felismerese_es_fejlesztese.jpg\" alt=\"Dorothy Einon - Kreat\u00edv gyerek - A term\u00e9szetes tehets\u00e9g felismer\u00e9se \u00e9s fejleszt\u00e9se\" title=\"Dorothy Einon - Kreat\u00edv gyerek - A term\u00e9szetes tehets\u00e9g felismer\u00e9se \u00e9s fejleszt\u00e9se\" \/><br \/>\n<span class=\"elem-cim\">Dorothy Einon<\/span><br \/>\n<span class=\"elem-alcim\">Kreat\u00edv gyerek<\/span><br \/>\n<span class=\"elem-text\">Lehet, hogy az \u00d6n gyermeke egy m\u00e1sodik Mozart? Vagy \u00e9ppen egy kis Picasso form\u00e1l\u00f3dik a szeme el\u0151tt&#8230;<\/span><a href=\"\/hu\/referenciak\/kategoriak\/dorothy-einon-kreativ-gyerek-a-termeszetes-tehetseg-felismerese-es-fejlesztese\/\">tov\u00e1bb<\/a><\/div>\n<p><\/p>","protected":false},"excerpt":{"rendered":"<p>Dorothy Einon Kreat\u00edv gyerek Lehet, hogy az \u00d6n gyermeke egy m\u00e1sodik Mozart? Vagy \u00e9ppen egy kis Picasso form\u00e1l\u00f3dik a szeme el\u0151tt&#8230;tov\u00e1bb<\/p>\n","protected":false},"author":1,"featured_media":0,"parent":246,"menu_order":0,"comment_status":"open","ping_status":"open","template":"","meta":{"footnotes":""},"_links":{"self":[{"href":"https:\/\/www.morvaykrisztina.hu\/hu\/wp-json\/wp\/v2\/pages\/597"}],"collection":[{"href":"https:\/\/www.morvaykrisztina.hu\/hu\/wp-json\/wp\/v2\/pages"}],"about":[{"href":"https:\/\/www.morvaykrisztina.hu\/hu\/wp-json\/wp\/v2\/types\/page"}],"author":[{"embeddable":true,"href":"https:\/\/www.morvaykrisztina.hu\/hu\/wp-json\/wp\/v2\/users\/1"}],"replies":[{"embeddable":true,"href":"https:\/\/www.morvaykrisztina.hu\/hu\/wp-json\/wp\/v2\/comments?post=597"}],"version-history":[{"count":0,"href":"https:\/\/www.morvaykrisztina.hu\/hu\/wp-json\/wp\/v2\/pages\/597\/revisions"}],"up":[{"embeddable":true,"href":"https:\/\/www.morvaykrisztina.hu\/hu\/wp-json\/wp\/v2\/pages\/246"}],"wp:attachment":[{"href":"https:\/\/www.morvaykrisztina.hu\/hu\/wp-json\/wp\/v2\/media?parent=597"}],"curies":[{"name":"wp","href":"https:\/\/api.w.org\/{rel}","templated":true}]}}