{"id":592,"date":"2011-12-06T21:12:12","date_gmt":"2011-12-06T20:12:12","guid":{"rendered":"https:\/\/www.morvaykrisztina.hu\/?page_id=592"},"modified":"2015-02-07T14:58:06","modified_gmt":"2015-02-07T13:58:06","slug":"lablec-konyvforditasok-jeffery-deaver-a-kek-halal","status":"publish","type":"page","link":"https:\/\/www.morvaykrisztina.hu\/hu\/lablec\/lablec-konyvforditasok-jeffery-deaver-a-kek-halal\/","title":{"rendered":"L\u00e1bl\u00e9c &#8211; K\u00f6nyvford\u00edt\u00e1sok &#8211; Jeffery Deaver &#8211; A k\u00e9k hal\u00e1l"},"content":{"rendered":"<p><\/p>\n<div><img decoding=\"async\" src=\"\/wp-content\/uploads\/Jeffery_Deaver_-_A_kek_halal.jpg\" alt=\"Jeffery Deaver - A k\u00e9k hal\u00e1l\" title=\"Jeffery Deaver - A k\u00e9k hal\u00e1l\" \/><br \/>\n<span class=\"elem-cim\">Jeffery Deaver<\/span><br \/>\n<span class=\"elem-alcim\">A k\u00e9k hal\u00e1l<\/span><br \/>\n<span class=\"elem-text\">H\u00f6lgyem k\u00e9pzelje el mag\u00e1t, amint egy b\u00e1rban \u00fcld\u00f6g\u00e9l. Egy f\u00e9rfi odaj\u00f6n, nem t\u0171nik ismer\u0151snek, de mindent tud \u00f6nr\u0151l, ismeri a m\u00faltj\u00e1t, tudja, mivel foglalkozik, mi a hobbija&#8230;<\/span><a href=\"\/hu\/referenciak\/kategoriak\/jeffery-deaver-a-kek-halal\/\">tov\u00e1bb<\/a><\/div>\n<p><\/p>","protected":false},"excerpt":{"rendered":"<p>Jeffery Deaver A k\u00e9k hal\u00e1l H\u00f6lgyem k\u00e9pzelje el mag\u00e1t, amint egy b\u00e1rban \u00fcld\u00f6g\u00e9l. Egy f\u00e9rfi odaj\u00f6n, nem t\u0171nik ismer\u0151snek, de mindent tud \u00f6nr\u0151l, ismeri a m\u00faltj\u00e1t, tudja, mivel foglalkozik, mi a hobbija&#8230;tov\u00e1bb<\/p>\n","protected":false},"author":1,"featured_media":0,"parent":246,"menu_order":0,"comment_status":"open","ping_status":"open","template":"","meta":{"footnotes":""},"_links":{"self":[{"href":"https:\/\/www.morvaykrisztina.hu\/hu\/wp-json\/wp\/v2\/pages\/592"}],"collection":[{"href":"https:\/\/www.morvaykrisztina.hu\/hu\/wp-json\/wp\/v2\/pages"}],"about":[{"href":"https:\/\/www.morvaykrisztina.hu\/hu\/wp-json\/wp\/v2\/types\/page"}],"author":[{"embeddable":true,"href":"https:\/\/www.morvaykrisztina.hu\/hu\/wp-json\/wp\/v2\/users\/1"}],"replies":[{"embeddable":true,"href":"https:\/\/www.morvaykrisztina.hu\/hu\/wp-json\/wp\/v2\/comments?post=592"}],"version-history":[{"count":0,"href":"https:\/\/www.morvaykrisztina.hu\/hu\/wp-json\/wp\/v2\/pages\/592\/revisions"}],"up":[{"embeddable":true,"href":"https:\/\/www.morvaykrisztina.hu\/hu\/wp-json\/wp\/v2\/pages\/246"}],"wp:attachment":[{"href":"https:\/\/www.morvaykrisztina.hu\/hu\/wp-json\/wp\/v2\/media?parent=592"}],"curies":[{"name":"wp","href":"https:\/\/api.w.org\/{rel}","templated":true}]}}