{"id":579,"date":"2011-12-06T21:04:47","date_gmt":"2011-12-06T20:04:47","guid":{"rendered":"https:\/\/www.morvaykrisztina.hu\/?page_id=579"},"modified":"2015-02-07T15:03:11","modified_gmt":"2015-02-07T14:03:11","slug":"lablec-konyvforditasok-janice-eaton-kilby-terry-taylor-varazspartik-nagykonyve","status":"publish","type":"page","link":"https:\/\/www.morvaykrisztina.hu\/hu\/lablec\/lablec-konyvforditasok-janice-eaton-kilby-terry-taylor-varazspartik-nagykonyve\/","title":{"rendered":"L\u00e1bl\u00e9c &#8211; K\u00f6nyvford\u00edt\u00e1sok &#8211; Janice Eaton Kilby, Terry Taylor &#8211; Var\u00e1zspartik nagyk\u00f6nyve"},"content":{"rendered":"<p><\/p>\n<div><img decoding=\"async\" src=\"\/wp-content\/uploads\/Janice_Eaton_Kilby__Terry_Taylor_-_Varazspartik_nagykonyve.jpg\" alt=\"Janice Eaton Kilby, Terry Taylor - Var\u00e1zspartik nagyk\u00f6nyve - Amelyben a var\u00e1zsl\u00f3 megosztja az Olvas\u00f3val, hogyan kell b\u0171b\u00e1jos h\u00e1zibulikat rendezni\" title=\"Janice Eaton Kilby, Terry Taylor - Var\u00e1zspartik nagyk\u00f6nyve - Amelyben a var\u00e1zsl\u00f3 megosztja az Olvas\u00f3val, hogyan kell b\u0171b\u00e1jos h\u00e1zibulikat rendezni\" \/><br \/>\n<span class=\"elem-cim\">Janice Eaton Kilby, Terry Taylor<\/span><br \/>\n<span class=\"elem-alcim\">Var\u00e1zspartik nagyk\u00f6nyve<\/span><br \/>\n<span class=\"elem-text\">Fiatal var\u00e1zsl\u00f3 bar\u00e1tom, igen, hozz\u00e1d besz\u00e9lek&#8230; Gyere csak k\u00f6zelebb b\u00e1tran, hadd osszam meg veled a fantasztikus \u00f6sszej\u00f6vetelek titkait&#8230;<\/span><a href=\"\/hu\/referenciak\/kategoriak\/janice-eaton-kilby-terry-taylor-varazspartik-nagykonyve-amelyben-a-varazslo-megosztja-az-olvasoval-hogyan-kell-bubajos-hazibulikat-rendezni\/\">tov\u00e1bb<\/a><\/div>\n<p><\/p>","protected":false},"excerpt":{"rendered":"<p>Janice Eaton Kilby, Terry Taylor Var\u00e1zspartik nagyk\u00f6nyve Fiatal var\u00e1zsl\u00f3 bar\u00e1tom, igen, hozz\u00e1d besz\u00e9lek&#8230; Gyere csak k\u00f6zelebb b\u00e1tran, hadd osszam meg veled a fantasztikus \u00f6sszej\u00f6vetelek titkait&#8230;tov\u00e1bb<\/p>\n","protected":false},"author":1,"featured_media":0,"parent":246,"menu_order":0,"comment_status":"open","ping_status":"open","template":"","meta":{"footnotes":""},"_links":{"self":[{"href":"https:\/\/www.morvaykrisztina.hu\/hu\/wp-json\/wp\/v2\/pages\/579"}],"collection":[{"href":"https:\/\/www.morvaykrisztina.hu\/hu\/wp-json\/wp\/v2\/pages"}],"about":[{"href":"https:\/\/www.morvaykrisztina.hu\/hu\/wp-json\/wp\/v2\/types\/page"}],"author":[{"embeddable":true,"href":"https:\/\/www.morvaykrisztina.hu\/hu\/wp-json\/wp\/v2\/users\/1"}],"replies":[{"embeddable":true,"href":"https:\/\/www.morvaykrisztina.hu\/hu\/wp-json\/wp\/v2\/comments?post=579"}],"version-history":[{"count":0,"href":"https:\/\/www.morvaykrisztina.hu\/hu\/wp-json\/wp\/v2\/pages\/579\/revisions"}],"up":[{"embeddable":true,"href":"https:\/\/www.morvaykrisztina.hu\/hu\/wp-json\/wp\/v2\/pages\/246"}],"wp:attachment":[{"href":"https:\/\/www.morvaykrisztina.hu\/hu\/wp-json\/wp\/v2\/media?parent=579"}],"curies":[{"name":"wp","href":"https:\/\/api.w.org\/{rel}","templated":true}]}}