{"id":567,"date":"2011-12-06T20:53:23","date_gmt":"2011-12-06T19:53:23","guid":{"rendered":"https:\/\/www.morvaykrisztina.hu\/?page_id=567"},"modified":"2015-02-07T15:03:43","modified_gmt":"2015-02-07T14:03:43","slug":"lablec-konyvforditasok-dr-richard-c-woolfson-boldog-tipegok","status":"publish","type":"page","link":"https:\/\/www.morvaykrisztina.hu\/hu\/lablec\/lablec-konyvforditasok-dr-richard-c-woolfson-boldog-tipegok\/","title":{"rendered":"L\u00e1bl\u00e9c &#8211; K\u00f6nyvford\u00edt\u00e1sok &#8211; Dr. Richard C. Woolfson &#8211; Boldog tipeg\u0151k"},"content":{"rendered":"<p><\/p>\n<div><img decoding=\"async\" src=\"\/wp-content\/uploads\/Dr__Richard_C__Woolfson_-_Boldog_tipegok.jpg\" alt=\"Dr. Richard C. Woolfson - Boldog tipeg\u0151k\" title=\"Dr. Richard C. Woolfson - Boldog tipeg\u0151k\" \/><br \/>\n<span class=\"elem-cim\">Dr. Richard C. Woolfson<\/span><br \/>\n<span class=\"elem-alcim\">Boldog tipeg\u0151k<\/span><br \/>\n<span class=\"elem-text\">Hasznos k\u00e9zik\u00f6nyv sz\u00fcl\u0151k \u00e9s gondoz\u00f3k sz\u00e1m\u00e1ra, akik szeretn\u00e9k helyesen \u00f6szt\u00f6n\u00f6zni kisgyermek\u00fck fejl\u0151d\u00e9s\u00e9t&#8230;<\/span><a href=\"\/hu\/referenciak\/kategoriak\/dr-richard-c-woolfson-boldog-tipegok\/\">tov\u00e1bb<\/a><\/div>\n<p><\/p>","protected":false},"excerpt":{"rendered":"<p>Dr. Richard C. Woolfson Boldog tipeg\u0151k Hasznos k\u00e9zik\u00f6nyv sz\u00fcl\u0151k \u00e9s gondoz\u00f3k sz\u00e1m\u00e1ra, akik szeretn\u00e9k helyesen \u00f6szt\u00f6n\u00f6zni kisgyermek\u00fck fejl\u0151d\u00e9s\u00e9t&#8230;tov\u00e1bb<\/p>\n","protected":false},"author":1,"featured_media":0,"parent":246,"menu_order":0,"comment_status":"open","ping_status":"open","template":"","meta":{"footnotes":""},"_links":{"self":[{"href":"https:\/\/www.morvaykrisztina.hu\/hu\/wp-json\/wp\/v2\/pages\/567"}],"collection":[{"href":"https:\/\/www.morvaykrisztina.hu\/hu\/wp-json\/wp\/v2\/pages"}],"about":[{"href":"https:\/\/www.morvaykrisztina.hu\/hu\/wp-json\/wp\/v2\/types\/page"}],"author":[{"embeddable":true,"href":"https:\/\/www.morvaykrisztina.hu\/hu\/wp-json\/wp\/v2\/users\/1"}],"replies":[{"embeddable":true,"href":"https:\/\/www.morvaykrisztina.hu\/hu\/wp-json\/wp\/v2\/comments?post=567"}],"version-history":[{"count":0,"href":"https:\/\/www.morvaykrisztina.hu\/hu\/wp-json\/wp\/v2\/pages\/567\/revisions"}],"up":[{"embeddable":true,"href":"https:\/\/www.morvaykrisztina.hu\/hu\/wp-json\/wp\/v2\/pages\/246"}],"wp:attachment":[{"href":"https:\/\/www.morvaykrisztina.hu\/hu\/wp-json\/wp\/v2\/media?parent=567"}],"curies":[{"name":"wp","href":"https:\/\/api.w.org\/{rel}","templated":true}]}}