{"id":558,"date":"2011-12-06T20:18:00","date_gmt":"2011-12-06T19:18:00","guid":{"rendered":"https:\/\/www.morvaykrisztina.hu\/?page_id=558"},"modified":"2015-02-07T15:03:55","modified_gmt":"2015-02-07T14:03:55","slug":"lablec-konyvforditasok-dr-richard-c-woolfson-boldog-baba","status":"publish","type":"page","link":"https:\/\/www.morvaykrisztina.hu\/hu\/lablec\/lablec-konyvforditasok-dr-richard-c-woolfson-boldog-baba\/","title":{"rendered":"L\u00e1bl\u00e9c &#8211; K\u00f6nyvford\u00edt\u00e1sok &#8211; Dr. Richard C. Woolfson &#8211; Boldog baba"},"content":{"rendered":"<p><\/p>\n<div><img decoding=\"async\" src=\"\/wp-content\/uploads\/Dr__Richard_C__Woolfson_-_Boldog_baba.jpg\" alt=\"Dr. Richard C. Woolfson - Boldog baba\" title=\"Dr. Richard C. Woolfson - Boldog baba\" \/><br \/>\n<span class=\"elem-cim\">Dr. Richard C. Woolfson<\/span><br \/>\n<span class=\"elem-alcim\">Boldog baba<\/span><br \/>\n<span class=\"elem-text\">Hasznos k\u00e9zik\u00f6nyv sz\u00fcl\u0151k \u00e9s gondoz\u00f3k sz\u00e1m\u00e1ra, akik szeretn\u00e9k helyesen \u00f6szt\u00f6n\u00f6zni a baba fejl\u0151d\u00e9s\u00e9t \u00e9lete els\u0151 15 h\u00f3napj\u00e1ban&#8230;<\/span><a href=\"\/hu\/referenciak\/kategoriak\/dr-richard-c-woolfson-boldog-baba\/\">tov\u00e1bb<\/a><\/div>\n<p><\/p>","protected":false},"excerpt":{"rendered":"<p>Dr. Richard C. Woolfson Boldog baba Hasznos k\u00e9zik\u00f6nyv sz\u00fcl\u0151k \u00e9s gondoz\u00f3k sz\u00e1m\u00e1ra, akik szeretn\u00e9k helyesen \u00f6szt\u00f6n\u00f6zni a baba fejl\u0151d\u00e9s\u00e9t \u00e9lete els\u0151 15 h\u00f3napj\u00e1ban&#8230;tov\u00e1bb<\/p>\n","protected":false},"author":1,"featured_media":0,"parent":246,"menu_order":0,"comment_status":"open","ping_status":"open","template":"","meta":{"footnotes":""},"_links":{"self":[{"href":"https:\/\/www.morvaykrisztina.hu\/hu\/wp-json\/wp\/v2\/pages\/558"}],"collection":[{"href":"https:\/\/www.morvaykrisztina.hu\/hu\/wp-json\/wp\/v2\/pages"}],"about":[{"href":"https:\/\/www.morvaykrisztina.hu\/hu\/wp-json\/wp\/v2\/types\/page"}],"author":[{"embeddable":true,"href":"https:\/\/www.morvaykrisztina.hu\/hu\/wp-json\/wp\/v2\/users\/1"}],"replies":[{"embeddable":true,"href":"https:\/\/www.morvaykrisztina.hu\/hu\/wp-json\/wp\/v2\/comments?post=558"}],"version-history":[{"count":0,"href":"https:\/\/www.morvaykrisztina.hu\/hu\/wp-json\/wp\/v2\/pages\/558\/revisions"}],"up":[{"embeddable":true,"href":"https:\/\/www.morvaykrisztina.hu\/hu\/wp-json\/wp\/v2\/pages\/246"}],"wp:attachment":[{"href":"https:\/\/www.morvaykrisztina.hu\/hu\/wp-json\/wp\/v2\/media?parent=558"}],"curies":[{"name":"wp","href":"https:\/\/api.w.org\/{rel}","templated":true}]}}