{"id":553,"date":"2011-12-06T09:42:29","date_gmt":"2011-12-06T08:42:29","guid":{"rendered":"https:\/\/www.morvaykrisztina.hu\/?page_id=553"},"modified":"2015-02-07T15:04:36","modified_gmt":"2015-02-07T14:04:36","slug":"lablec-konyvforditasok-callen-gayle-jegyesek","status":"publish","type":"page","link":"https:\/\/www.morvaykrisztina.hu\/hu\/lablec\/lablec-konyvforditasok-callen-gayle-jegyesek\/","title":{"rendered":"L\u00e1bl\u00e9c &#8211; K\u00f6nyvford\u00edt\u00e1sok &#8211; Callen Gayle &#8211; Jegyesek"},"content":{"rendered":"<p><\/p>\n<div><img decoding=\"async\" src=\"\/wp-content\/uploads\/Callen_Gayle_-_Jegyesek.jpg\" alt=\"Callen Gayle - Jegyesek\" title=\"Callen Gayle - Jegyesek\" \/><br \/>\n<span class=\"elem-cim\">Callen Gayle<\/span><br \/>\n<span class=\"elem-alcim\">Jegyesek<\/span><br \/>\n<span class=\"elem-text\">1586-ot \u00edrunk. Spencer Thorntonnak, a fiatal, l\u00e9ha nemes nem akarta feles\u00e9g\u00fcl venni a sz\u00fclei \u00e1ltal, sz\u00e1m\u00e1ra kiszemelt fiatal l\u00e1nyt&#8230;<\/span><a href=\"\/hu\/referenciak\/kategoriak\/callen-gayle-jegyesek\/\">tov\u00e1bb<\/a><\/div>\n<p><\/p>","protected":false},"excerpt":{"rendered":"<p>Callen Gayle Jegyesek 1586-ot \u00edrunk. Spencer Thorntonnak, a fiatal, l\u00e9ha nemes nem akarta feles\u00e9g\u00fcl venni a sz\u00fclei \u00e1ltal, sz\u00e1m\u00e1ra kiszemelt fiatal l\u00e1nyt&#8230;tov\u00e1bb<\/p>\n","protected":false},"author":1,"featured_media":0,"parent":246,"menu_order":0,"comment_status":"open","ping_status":"open","template":"","meta":{"footnotes":""},"_links":{"self":[{"href":"https:\/\/www.morvaykrisztina.hu\/hu\/wp-json\/wp\/v2\/pages\/553"}],"collection":[{"href":"https:\/\/www.morvaykrisztina.hu\/hu\/wp-json\/wp\/v2\/pages"}],"about":[{"href":"https:\/\/www.morvaykrisztina.hu\/hu\/wp-json\/wp\/v2\/types\/page"}],"author":[{"embeddable":true,"href":"https:\/\/www.morvaykrisztina.hu\/hu\/wp-json\/wp\/v2\/users\/1"}],"replies":[{"embeddable":true,"href":"https:\/\/www.morvaykrisztina.hu\/hu\/wp-json\/wp\/v2\/comments?post=553"}],"version-history":[{"count":0,"href":"https:\/\/www.morvaykrisztina.hu\/hu\/wp-json\/wp\/v2\/pages\/553\/revisions"}],"up":[{"embeddable":true,"href":"https:\/\/www.morvaykrisztina.hu\/hu\/wp-json\/wp\/v2\/pages\/246"}],"wp:attachment":[{"href":"https:\/\/www.morvaykrisztina.hu\/hu\/wp-json\/wp\/v2\/media?parent=553"}],"curies":[{"name":"wp","href":"https:\/\/api.w.org\/{rel}","templated":true}]}}