{"id":5,"date":"2011-08-27T10:47:16","date_gmt":"2011-08-27T08:47:16","guid":{"rendered":"https:\/\/www.morvaykrisztina.hu\/?page_id=5"},"modified":"2012-11-29T18:39:00","modified_gmt":"2012-11-29T17:39:00","slug":"szolgaltatasok","status":"publish","type":"page","link":"https:\/\/www.morvaykrisztina.hu\/hu\/szolgaltatasok\/","title":{"rendered":"Szolg\u00e1ltat\u00e1sok"},"content":{"rendered":"<p><\/p>\n<h1>Szolg\u00e1ltat\u00e1sok<\/h1>\n<ul>\n<li><a href=\"\/szolgaltatasok\/forditas\/\">ford\u00edt\u00e1s<\/a><\/li>\n<li><a href=\"\/szolgaltatasok\/tolmacsolas\/\">tolm\u00e1csol\u00e1s<\/a><\/li>\n<li><a href=\"\/szolgaltatasok\/lektoralas\/\">lektor\u00e1l\u00e1s<\/a><\/li>\n<li><a href=\"\/szolgaltatasok\/korrektura\/\">korrekt\u00fara<\/a><\/li>\n<\/ul>\n<p><\/p>","protected":false},"excerpt":{"rendered":"<p>Szolg\u00e1ltat\u00e1sok ford\u00edt\u00e1s tolm\u00e1csol\u00e1s lektor\u00e1l\u00e1s korrekt\u00fara<\/p>\n","protected":false},"author":1,"featured_media":0,"parent":0,"menu_order":2,"comment_status":"open","ping_status":"open","template":"","meta":{"footnotes":""},"_links":{"self":[{"href":"https:\/\/www.morvaykrisztina.hu\/hu\/wp-json\/wp\/v2\/pages\/5"}],"collection":[{"href":"https:\/\/www.morvaykrisztina.hu\/hu\/wp-json\/wp\/v2\/pages"}],"about":[{"href":"https:\/\/www.morvaykrisztina.hu\/hu\/wp-json\/wp\/v2\/types\/page"}],"author":[{"embeddable":true,"href":"https:\/\/www.morvaykrisztina.hu\/hu\/wp-json\/wp\/v2\/users\/1"}],"replies":[{"embeddable":true,"href":"https:\/\/www.morvaykrisztina.hu\/hu\/wp-json\/wp\/v2\/comments?post=5"}],"version-history":[{"count":0,"href":"https:\/\/www.morvaykrisztina.hu\/hu\/wp-json\/wp\/v2\/pages\/5\/revisions"}],"wp:attachment":[{"href":"https:\/\/www.morvaykrisztina.hu\/hu\/wp-json\/wp\/v2\/media?parent=5"}],"curies":[{"name":"wp","href":"https:\/\/api.w.org\/{rel}","templated":true}]}}