{"id":30,"date":"2011-08-29T22:22:04","date_gmt":"2011-08-29T20:22:04","guid":{"rendered":"https:\/\/www.morvaykrisztina.hu\/?page_id=30"},"modified":"2014-02-19T10:43:02","modified_gmt":"2014-02-19T09:43:02","slug":"bemutatkozom","status":"publish","type":"page","link":"https:\/\/www.morvaykrisztina.hu\/hu\/bemutatkozom\/","title":{"rendered":"Bemutatkozom"},"content":{"rendered":"<p><\/p>\n<h1>R\u00f6viden magamr\u00f3l<\/h1>\n<p><a href=\"\/wp-content\/uploads\/morvay.krisztina.jpg\"><img loading=\"lazy\" decoding=\"async\" class=\"oldal-magamrol\" title=\"Morvay Krisztina\" src=\"\/wp-content\/uploads\/morvay.krisztina.jpg\" alt=\"\" width=\"75\" height=\"100\" \/><\/a><br \/>\n2001. \u00f3ta ford\u00edtok k\u00f6nyveket: sz\u00e9pirodalmi m\u0171veket \u00e9s szakk\u00f6nyveket egyar\u00e1nt, az ut\u00f3bbiakat els\u0151sorban menedzsment, eg\u00e9szs\u00e9g-\u00e9letm\u00f3d, gyermeknevel\u00e9s \u00e9s k\u00f6z\u00e9leti publicisztika kateg\u00f3ri\u00e1kban. Tanulm\u00e1nyaimat a P\u00e9csi Tudom\u00e1nyegyetemen v\u00e9geztem angol \u00e9s szociol\u00f3gia szakon, amit 2004-ben a K\u00f6zgazdas\u00e1gtudom\u00e1nyi Kar MBA szakir\u00e1nya eg\u00e9sz\u00edtett ki. K\u00e9s\u0151bb kvantitat\u00edv piackutat\u00f3k\u00e9nt, majd online m\u00e9diaelemz\u0151k\u00e9nt m\u00e9ly\u00edtettem el gazdas\u00e1gi ismereteimet. Szakford\u00edt\u00e1st els\u0151sorban \u00fczleti-gazdas\u00e1gi, t\u00e1rsadalomtudom\u00e1nyi, online \u00e9s k\u00f6rnyezetv\u00e9delmi ter\u00fcleteken v\u00e9gzek.<\/p>","protected":false},"excerpt":{"rendered":"<p>R\u00f6viden magamr\u00f3l 2001. \u00f3ta ford\u00edtok k\u00f6nyveket: sz\u00e9pirodalmi m\u0171veket \u00e9s szakk\u00f6nyveket egyar\u00e1nt, az ut\u00f3bbiakat els\u0151sorban menedzsment, eg\u00e9szs\u00e9g-\u00e9letm\u00f3d, gyermeknevel\u00e9s \u00e9s k\u00f6z\u00e9leti publicisztika kateg\u00f3ri\u00e1kban. Tanulm\u00e1nyaimat a P\u00e9csi Tudom\u00e1nyegyetemen v\u00e9geztem angol \u00e9s szociol\u00f3gia szakon, amit 2004-ben a K\u00f6zgazdas\u00e1gtudom\u00e1nyi Kar MBA szakir\u00e1nya eg\u00e9sz\u00edtett ki. K\u00e9s\u0151bb kvantitat\u00edv piackutat\u00f3k\u00e9nt, majd online m\u00e9diaelemz\u0151k\u00e9nt m\u00e9ly\u00edtettem el gazdas\u00e1gi ismereteimet. Szakford\u00edt\u00e1st els\u0151sorban \u00fczleti-gazdas\u00e1gi, t\u00e1rsadalomtudom\u00e1nyi, online \u00e9s [&hellip;]<\/p>\n","protected":false},"author":1,"featured_media":0,"parent":0,"menu_order":0,"comment_status":"open","ping_status":"open","template":"","meta":{"footnotes":""},"_links":{"self":[{"href":"https:\/\/www.morvaykrisztina.hu\/hu\/wp-json\/wp\/v2\/pages\/30"}],"collection":[{"href":"https:\/\/www.morvaykrisztina.hu\/hu\/wp-json\/wp\/v2\/pages"}],"about":[{"href":"https:\/\/www.morvaykrisztina.hu\/hu\/wp-json\/wp\/v2\/types\/page"}],"author":[{"embeddable":true,"href":"https:\/\/www.morvaykrisztina.hu\/hu\/wp-json\/wp\/v2\/users\/1"}],"replies":[{"embeddable":true,"href":"https:\/\/www.morvaykrisztina.hu\/hu\/wp-json\/wp\/v2\/comments?post=30"}],"version-history":[{"count":0,"href":"https:\/\/www.morvaykrisztina.hu\/hu\/wp-json\/wp\/v2\/pages\/30\/revisions"}],"wp:attachment":[{"href":"https:\/\/www.morvaykrisztina.hu\/hu\/wp-json\/wp\/v2\/media?parent=30"}],"curies":[{"name":"wp","href":"https:\/\/api.w.org\/{rel}","templated":true}]}}