{"id":259,"date":"2011-11-20T21:22:54","date_gmt":"2011-11-20T20:22:54","guid":{"rendered":"https:\/\/www.morvaykrisztina.hu\/?page_id=259"},"modified":"2015-02-07T14:35:28","modified_gmt":"2015-02-07T13:35:28","slug":"lablec-konyvforditasok-r-w-welch-nostradamus-ustokose","status":"publish","type":"page","link":"https:\/\/www.morvaykrisztina.hu\/hu\/lablec\/lablec-konyvforditasok-r-w-welch-nostradamus-ustokose\/","title":{"rendered":"L\u00e1bl\u00e9c &#8211; K\u00f6nyvford\u00edt\u00e1sok &#8211; R.W. Welch &#8211; Nostradamus \u00fcst\u00f6k\u00f6se"},"content":{"rendered":"<p><\/p>\n<div><img decoding=\"async\" title=\"R. W. Welch - Nostradamus \u00fcst\u00f6k\u00f6se\" alt=\"R. W. Welch - Nostradamus \u00fcst\u00f6k\u00f6se\" src=\"\/wp-content\/uploads\/R__W__Welch_-_Nostradamus_ustokose.jpg\" \/><br \/>\n<span class=\"elem-cim\">R. W. Welch<\/span><br \/>\n<span class=\"elem-alcim\">Nostradamus \u00fcst\u00f6k\u00f6se<\/span><\/p>\n<p><span class=\"elem-text\">A Nostradamus \u00fcst\u00f6k\u00f6se el\u00e9nk t\u00e1rja mindazt, amit a legt\u00f6bb m\u00e9dium a harmadik \u00e9vezred els\u0151 \u00e9veire j\u00f3solt&#8230;<\/span><a href=\"\/hu\/referenciak\/kategoriak\/r-w-welch-nostradamus-ustokose\/\">tov\u00e1bb<\/a><\/p>\n<\/div>\n<p><\/p>","protected":false},"excerpt":{"rendered":"<p>R. W. Welch Nostradamus \u00fcst\u00f6k\u00f6se A Nostradamus \u00fcst\u00f6k\u00f6se el\u00e9nk t\u00e1rja mindazt, amit a legt\u00f6bb m\u00e9dium a harmadik \u00e9vezred els\u0151 \u00e9veire j\u00f3solt&#8230;tov\u00e1bb<\/p>\n","protected":false},"author":1,"featured_media":0,"parent":246,"menu_order":0,"comment_status":"open","ping_status":"open","template":"","meta":{"footnotes":""},"_links":{"self":[{"href":"https:\/\/www.morvaykrisztina.hu\/hu\/wp-json\/wp\/v2\/pages\/259"}],"collection":[{"href":"https:\/\/www.morvaykrisztina.hu\/hu\/wp-json\/wp\/v2\/pages"}],"about":[{"href":"https:\/\/www.morvaykrisztina.hu\/hu\/wp-json\/wp\/v2\/types\/page"}],"author":[{"embeddable":true,"href":"https:\/\/www.morvaykrisztina.hu\/hu\/wp-json\/wp\/v2\/users\/1"}],"replies":[{"embeddable":true,"href":"https:\/\/www.morvaykrisztina.hu\/hu\/wp-json\/wp\/v2\/comments?post=259"}],"version-history":[{"count":0,"href":"https:\/\/www.morvaykrisztina.hu\/hu\/wp-json\/wp\/v2\/pages\/259\/revisions"}],"up":[{"embeddable":true,"href":"https:\/\/www.morvaykrisztina.hu\/hu\/wp-json\/wp\/v2\/pages\/246"}],"wp:attachment":[{"href":"https:\/\/www.morvaykrisztina.hu\/hu\/wp-json\/wp\/v2\/media?parent=259"}],"curies":[{"name":"wp","href":"https:\/\/api.w.org\/{rel}","templated":true}]}}