{"id":255,"date":"2011-11-20T21:12:03","date_gmt":"2011-11-20T20:12:03","guid":{"rendered":"https:\/\/www.morvaykrisztina.hu\/?page_id=255"},"modified":"2015-02-07T14:34:47","modified_gmt":"2015-02-07T13:34:47","slug":"lablec-konyvforditasok-robert-helle-menedzserek-kezikonyve","status":"publish","type":"page","link":"https:\/\/www.morvaykrisztina.hu\/hu\/lablec\/lablec-konyvforditasok-robert-helle-menedzserek-kezikonyve\/","title":{"rendered":"L\u00e1bl\u00e9c &#8211; K\u00f6nyvford\u00edt\u00e1sok &#8211; Robert Helle &#8211; Menedzserek k\u00e9zik\u00f6nyve"},"content":{"rendered":"<p><\/p>\n<div><img decoding=\"async\" src=\"\/wp-content\/uploads\/Robert_Heller_-_Menedzserek_kezikonyve_-_Minden__amit_a_vallalatvezetesrol_tudni_kell.jpg\" alt=\"Robert Heller - Menedzserek k\u00e9zik\u00f6nyve - Minden, amit a v\u00e1llalatvezet\u00e9sr\u0151l tudni kell\" title=\"Robert Heller - Menedzserek k\u00e9zik\u00f6nyve - Minden, amit a v\u00e1llalatvezet\u00e9sr\u0151l tudni kell\" \/><br \/>\n<span class=\"elem-cim\">Robert Heller<\/span><br \/>\n<span class=\"elem-alcim\">Menedzserek k\u00e9zik\u00f6nyve<\/span><br \/>\n<span class=\"elem-text\">Ebben a k\u00f6nyvben a hat\u00e9kony menedzsmenthez sz\u00fcks\u00e9ges \u00f6sszes inform\u00e1ci\u00f3t megtal\u00e1lja a p\u00e9nz\u00fcgyi m\u00e9rleg \u00e9rtelmez\u00e9s\u00e9t\u0151l a sz\u00ednvonalas csoportvezet\u00e9sig&#8230;<\/span><a href=\"\/hu\/referenciak\/kategoriak\/robert-heller-menedzserek-kezikonyve\/\">tov\u00e1bb<\/a><\/div>\n<p><\/p>","protected":false},"excerpt":{"rendered":"<p>Robert Heller Menedzserek k\u00e9zik\u00f6nyve Ebben a k\u00f6nyvben a hat\u00e9kony menedzsmenthez sz\u00fcks\u00e9ges \u00f6sszes inform\u00e1ci\u00f3t megtal\u00e1lja a p\u00e9nz\u00fcgyi m\u00e9rleg \u00e9rtelmez\u00e9s\u00e9t\u0151l a sz\u00ednvonalas csoportvezet\u00e9sig&#8230;tov\u00e1bb<\/p>\n","protected":false},"author":1,"featured_media":0,"parent":246,"menu_order":0,"comment_status":"open","ping_status":"open","template":"","meta":{"footnotes":""},"_links":{"self":[{"href":"https:\/\/www.morvaykrisztina.hu\/hu\/wp-json\/wp\/v2\/pages\/255"}],"collection":[{"href":"https:\/\/www.morvaykrisztina.hu\/hu\/wp-json\/wp\/v2\/pages"}],"about":[{"href":"https:\/\/www.morvaykrisztina.hu\/hu\/wp-json\/wp\/v2\/types\/page"}],"author":[{"embeddable":true,"href":"https:\/\/www.morvaykrisztina.hu\/hu\/wp-json\/wp\/v2\/users\/1"}],"replies":[{"embeddable":true,"href":"https:\/\/www.morvaykrisztina.hu\/hu\/wp-json\/wp\/v2\/comments?post=255"}],"version-history":[{"count":0,"href":"https:\/\/www.morvaykrisztina.hu\/hu\/wp-json\/wp\/v2\/pages\/255\/revisions"}],"up":[{"embeddable":true,"href":"https:\/\/www.morvaykrisztina.hu\/hu\/wp-json\/wp\/v2\/pages\/246"}],"wp:attachment":[{"href":"https:\/\/www.morvaykrisztina.hu\/hu\/wp-json\/wp\/v2\/media?parent=255"}],"curies":[{"name":"wp","href":"https:\/\/api.w.org\/{rel}","templated":true}]}}