{"id":252,"date":"2011-11-20T19:39:24","date_gmt":"2011-11-20T18:39:24","guid":{"rendered":"https:\/\/www.morvaykrisztina.hu\/?page_id=252"},"modified":"2015-02-07T14:34:13","modified_gmt":"2015-02-07T13:34:13","slug":"lablec-konyvforditasok-sherry-argov-miert-a-rossz-lanyokat-szeretik-a-ferfiak","status":"publish","type":"page","link":"https:\/\/www.morvaykrisztina.hu\/hu\/lablec\/lablec-konyvforditasok-sherry-argov-miert-a-rossz-lanyokat-szeretik-a-ferfiak\/","title":{"rendered":"L\u00e1bl\u00e9c &#8211; K\u00f6nyvford\u00edt\u00e1sok &#8211; Sherry Argov &#8211; Mi\u00e9rt a rossz l\u00e1nyokat szeretik a f\u00e9rfiak?"},"content":{"rendered":"<p><\/p>\n<div><img decoding=\"async\" class=\"alignright\" src=\"\/wp-content\/uploads\/Sherry_Argov_-_Miert_a_rossz_lanyokat_szeretik_a_ferfiak_.jpg\" alt=\"Sherry Argov - Mi\u00e9rt a rossz l\u00e1nyokat szeretik a f\u00e9rfiak?\" \/><\/p>\n<p><span class=\"elem-cim\">Sherry Argov<\/span><br \/>\n<span class=\"elem-alcim\">Mi\u00e9rt a rossz l\u00e1nyokat szeretik a f\u00e9rfiak?<\/span><br \/>\n<span class=\"elem-text\">Eredeti szempontb\u00f3l k\u00f6zel\u00edt ahhoz a k\u00e9rd\u00e9shez, hogy mi\u00e9rt tal\u00e1lj\u00e1k a f\u00e9rfiak vonz\u00f3nak a saj\u00e1t maguk\u00e9rt ki\u00e1ll\u00f3, karakteres n\u0151ket&#8230;<\/span><a href=\"\/hu\/referenciak\/kategoriak\/sherry-argov-miert-a-rossz-lanyokat-szeretik-a-ferfiak\/\">tov\u00e1bb<\/a><\/div>\n<p><\/p>","protected":false},"excerpt":{"rendered":"<p>Sherry Argov Mi\u00e9rt a rossz l\u00e1nyokat szeretik a f\u00e9rfiak? Eredeti szempontb\u00f3l k\u00f6zel\u00edt ahhoz a k\u00e9rd\u00e9shez, hogy mi\u00e9rt tal\u00e1lj\u00e1k a f\u00e9rfiak vonz\u00f3nak a saj\u00e1t maguk\u00e9rt ki\u00e1ll\u00f3, karakteres n\u0151ket&#8230;tov\u00e1bb<\/p>\n","protected":false},"author":1,"featured_media":0,"parent":246,"menu_order":0,"comment_status":"open","ping_status":"open","template":"","meta":{"footnotes":""},"_links":{"self":[{"href":"https:\/\/www.morvaykrisztina.hu\/hu\/wp-json\/wp\/v2\/pages\/252"}],"collection":[{"href":"https:\/\/www.morvaykrisztina.hu\/hu\/wp-json\/wp\/v2\/pages"}],"about":[{"href":"https:\/\/www.morvaykrisztina.hu\/hu\/wp-json\/wp\/v2\/types\/page"}],"author":[{"embeddable":true,"href":"https:\/\/www.morvaykrisztina.hu\/hu\/wp-json\/wp\/v2\/users\/1"}],"replies":[{"embeddable":true,"href":"https:\/\/www.morvaykrisztina.hu\/hu\/wp-json\/wp\/v2\/comments?post=252"}],"version-history":[{"count":0,"href":"https:\/\/www.morvaykrisztina.hu\/hu\/wp-json\/wp\/v2\/pages\/252\/revisions"}],"up":[{"embeddable":true,"href":"https:\/\/www.morvaykrisztina.hu\/hu\/wp-json\/wp\/v2\/pages\/246"}],"wp:attachment":[{"href":"https:\/\/www.morvaykrisztina.hu\/hu\/wp-json\/wp\/v2\/media?parent=252"}],"curies":[{"name":"wp","href":"https:\/\/api.w.org\/{rel}","templated":true}]}}