{"id":248,"date":"2011-11-20T19:06:19","date_gmt":"2011-11-20T18:06:19","guid":{"rendered":"https:\/\/www.morvaykrisztina.hu\/?page_id=248"},"modified":"2015-02-07T14:35:00","modified_gmt":"2015-02-07T13:35:00","slug":"lablec-konyvforditasok-robert-c-atkins-dr-atkins-forradalmian-uj-etrendje","status":"publish","type":"page","link":"https:\/\/www.morvaykrisztina.hu\/hu\/lablec\/lablec-konyvforditasok-robert-c-atkins-dr-atkins-forradalmian-uj-etrendje\/","title":{"rendered":"L\u00e1bl\u00e9c &#8211; K\u00f6nyvford\u00edt\u00e1sok &#8211; Robert C. Atkins &#8211; Dr. Atkins forradalmian \u00faj \u00e9trendje"},"content":{"rendered":"<p><\/p>\n<div><img decoding=\"async\" src=\"\/wp-content\/uploads\/Robert_C__Atkins_-_Dr__Atkins_forradalmian_uj_etrendje.jpg\" alt=\"Robert C. Atkins - Dr. Atkins forradalmian \u00faj \u00e9trendje\" title=\"Robert C. Atkins - Dr. Atkins forradalmian \u00faj \u00e9trendje\" \/><br \/>\n<span class=\"elem-cim\">Robert C. Atkins<\/span><br \/>\n<span class=\"elem-alcim\">Dr. Atkins forradalmian \u00faj \u00e9trendje<\/span><br \/>\n<span class=\"elem-text\">Dr. Atkins forradalmian \u00faj \u00e9trendje milli\u00f3kat seg\u00edtett abban, hogy lefogyjanak \u00e9s eg\u00e9szs\u00e9gesek maradjanak&#8230;<\/span><a href=\"\/hu\/referenciak\/kategoriak\/robert-c-atkins-dr-atkins-forradalmian-uj-etrendje\/\">tov\u00e1bb<\/a><\/div>\n<p><\/p>","protected":false},"excerpt":{"rendered":"<p>Robert C. Atkins Dr. Atkins forradalmian \u00faj \u00e9trendje Dr. Atkins forradalmian \u00faj \u00e9trendje milli\u00f3kat seg\u00edtett abban, hogy lefogyjanak \u00e9s eg\u00e9szs\u00e9gesek maradjanak&#8230;tov\u00e1bb<\/p>\n","protected":false},"author":1,"featured_media":0,"parent":246,"menu_order":0,"comment_status":"open","ping_status":"open","template":"","meta":{"footnotes":""},"_links":{"self":[{"href":"https:\/\/www.morvaykrisztina.hu\/hu\/wp-json\/wp\/v2\/pages\/248"}],"collection":[{"href":"https:\/\/www.morvaykrisztina.hu\/hu\/wp-json\/wp\/v2\/pages"}],"about":[{"href":"https:\/\/www.morvaykrisztina.hu\/hu\/wp-json\/wp\/v2\/types\/page"}],"author":[{"embeddable":true,"href":"https:\/\/www.morvaykrisztina.hu\/hu\/wp-json\/wp\/v2\/users\/1"}],"replies":[{"embeddable":true,"href":"https:\/\/www.morvaykrisztina.hu\/hu\/wp-json\/wp\/v2\/comments?post=248"}],"version-history":[{"count":0,"href":"https:\/\/www.morvaykrisztina.hu\/hu\/wp-json\/wp\/v2\/pages\/248\/revisions"}],"up":[{"embeddable":true,"href":"https:\/\/www.morvaykrisztina.hu\/hu\/wp-json\/wp\/v2\/pages\/246"}],"wp:attachment":[{"href":"https:\/\/www.morvaykrisztina.hu\/hu\/wp-json\/wp\/v2\/media?parent=248"}],"curies":[{"name":"wp","href":"https:\/\/api.w.org\/{rel}","templated":true}]}}