{"id":2011,"date":"2020-05-11T15:16:20","date_gmt":"2020-05-11T13:16:20","guid":{"rendered":"https:\/\/www.morvaykrisztina.hu\/?page_id=2011"},"modified":"2020-05-11T16:01:08","modified_gmt":"2020-05-11T14:01:08","slug":"lablec-konyvforditasok-anne-choma-gentleman-jack","status":"publish","type":"page","link":"https:\/\/www.morvaykrisztina.hu\/hu\/lablec\/lablec-konyvforditasok-anne-choma-gentleman-jack\/","title":{"rendered":"L\u00e1bl\u00e9c &#8211; K\u00f6nyvford\u00edt\u00e1sok &#8211; Anne Choma  &#8211; Gentleman Jack"},"content":{"rendered":"<p><\/p>\n<div><img decoding=\"async\" title=\"Anne Choma - Gentleman Jack - Anne Lister titkos \u00e9lete\" src=\"\/wp-content\/uploads\/Anne_Choma_-_Gentleman_Jack_-_Anne_Lister_titkos_elete.jpg\" alt=\"Anne Choma - Gentleman Jack - Anne Lister titkos \u00e9lete\" \/><br \/>\n<span class=\"elem-cim\">Anne Choma <\/span><br \/>\n<span class=\"elem-alcim\">Gentleman Jack<\/span><br \/>\n<span class=\"elem-text\">A kalandos \u00e9let\u0171 Anne Lister sorra szegte meg a 19. sz\u00e1zad szigor\u00fa szab\u00e1lyait. A mer\u00e9sz \u00e9s szenved\u00e9lyes n\u0151 anat\u00f3mi\u00e1t tanult, politiz\u00e1lt, \u00fczletelt \u00e9s bej\u00e1rta Eur\u00f3p\u00e1t. Nem hagyta, hogy&#8230;<\/span><a href=\"\/hu\/referenciak\/kategoriak\/anne-choma-gentleman-jack-anne-lister-titkos-elete\/\">tov\u00e1bb<\/a><\/div>\n<p><\/p>","protected":false},"excerpt":{"rendered":"<p>Anne Choma Gentleman Jack A kalandos \u00e9let\u0171 Anne Lister sorra szegte meg a 19. sz\u00e1zad szigor\u00fa szab\u00e1lyait. A mer\u00e9sz \u00e9s szenved\u00e9lyes n\u0151 anat\u00f3mi\u00e1t tanult, politiz\u00e1lt, \u00fczletelt \u00e9s bej\u00e1rta Eur\u00f3p\u00e1t. Nem hagyta, hogy&#8230;tov\u00e1bb<\/p>\n","protected":false},"author":1,"featured_media":0,"parent":246,"menu_order":0,"comment_status":"closed","ping_status":"closed","template":"","meta":{"footnotes":""},"_links":{"self":[{"href":"https:\/\/www.morvaykrisztina.hu\/hu\/wp-json\/wp\/v2\/pages\/2011"}],"collection":[{"href":"https:\/\/www.morvaykrisztina.hu\/hu\/wp-json\/wp\/v2\/pages"}],"about":[{"href":"https:\/\/www.morvaykrisztina.hu\/hu\/wp-json\/wp\/v2\/types\/page"}],"author":[{"embeddable":true,"href":"https:\/\/www.morvaykrisztina.hu\/hu\/wp-json\/wp\/v2\/users\/1"}],"replies":[{"embeddable":true,"href":"https:\/\/www.morvaykrisztina.hu\/hu\/wp-json\/wp\/v2\/comments?post=2011"}],"version-history":[{"count":0,"href":"https:\/\/www.morvaykrisztina.hu\/hu\/wp-json\/wp\/v2\/pages\/2011\/revisions"}],"up":[{"embeddable":true,"href":"https:\/\/www.morvaykrisztina.hu\/hu\/wp-json\/wp\/v2\/pages\/246"}],"wp:attachment":[{"href":"https:\/\/www.morvaykrisztina.hu\/hu\/wp-json\/wp\/v2\/media?parent=2011"}],"curies":[{"name":"wp","href":"https:\/\/api.w.org\/{rel}","templated":true}]}}