{"id":2002,"date":"2020-05-11T14:52:07","date_gmt":"2020-05-11T12:52:07","guid":{"rendered":"https:\/\/www.morvaykrisztina.hu\/?page_id=2002"},"modified":"2020-05-11T14:53:22","modified_gmt":"2020-05-11T12:53:22","slug":"lablec-konyvforditasok-anthony-william-egeszseges-majmukodes","status":"publish","type":"page","link":"https:\/\/www.morvaykrisztina.hu\/hu\/lablec\/lablec-konyvforditasok-anthony-william-egeszseges-majmukodes\/","title":{"rendered":"L\u00e1bl\u00e9c &#8211; K\u00f6nyvford\u00edt\u00e1sok &#8211; Anthony William &#8211; Eg\u00e9szs\u00e9ges m\u00e1jm\u0171k\u00f6d\u00e9s"},"content":{"rendered":"<p><\/p>\n<div><img decoding=\"async\" title=\"Anthony William - Eg\u00e9szs\u00e9ges m\u00e1jm\u0171k\u00f6d\u00e9s\" src=\"\/wp-content\/uploads\/Anthony_William_-_Egeszseges_majmukodes.jpg\" alt=\"Anthony William - Eg\u00e9szs\u00e9ges m\u00e1jm\u0171k\u00f6d\u00e9s\" \/><br \/>\n<span class=\"elem-cim\">Anthony William<\/span><br \/>\n<span class=\"elem-alcim\">Eg\u00e9szs\u00e9ges m\u00e1jm\u0171k\u00f6d\u00e9s<\/span><br \/>\n<span class=\"elem-text\">S\u00falygyarapod\u00e1s, b\u0151rprobl\u00e9m\u00e1k, em\u00e9szt\u0151rendszeri probl\u00e9m\u00e1k, sz\u00edvritmuszavarok, k\u00f6d\u00f6s agy jelens\u00e9g\u2026 Bosszant\u00f3 \u00e9s hosszan&#8230;<\/span><a href=\"\/hu\/referenciak\/kategoriak\/anthony-william-egeszseges-majmukodes\/\">tov\u00e1bb<\/a><\/div>\n<p><\/p>","protected":false},"excerpt":{"rendered":"<p>Anthony William Eg\u00e9szs\u00e9ges m\u00e1jm\u0171k\u00f6d\u00e9s S\u00falygyarapod\u00e1s, b\u0151rprobl\u00e9m\u00e1k, em\u00e9szt\u0151rendszeri probl\u00e9m\u00e1k, sz\u00edvritmuszavarok, k\u00f6d\u00f6s agy jelens\u00e9g\u2026 Bosszant\u00f3 \u00e9s hosszan&#8230;tov\u00e1bb<\/p>\n","protected":false},"author":1,"featured_media":0,"parent":246,"menu_order":0,"comment_status":"closed","ping_status":"closed","template":"","meta":{"footnotes":""},"_links":{"self":[{"href":"https:\/\/www.morvaykrisztina.hu\/hu\/wp-json\/wp\/v2\/pages\/2002"}],"collection":[{"href":"https:\/\/www.morvaykrisztina.hu\/hu\/wp-json\/wp\/v2\/pages"}],"about":[{"href":"https:\/\/www.morvaykrisztina.hu\/hu\/wp-json\/wp\/v2\/types\/page"}],"author":[{"embeddable":true,"href":"https:\/\/www.morvaykrisztina.hu\/hu\/wp-json\/wp\/v2\/users\/1"}],"replies":[{"embeddable":true,"href":"https:\/\/www.morvaykrisztina.hu\/hu\/wp-json\/wp\/v2\/comments?post=2002"}],"version-history":[{"count":0,"href":"https:\/\/www.morvaykrisztina.hu\/hu\/wp-json\/wp\/v2\/pages\/2002\/revisions"}],"up":[{"embeddable":true,"href":"https:\/\/www.morvaykrisztina.hu\/hu\/wp-json\/wp\/v2\/pages\/246"}],"wp:attachment":[{"href":"https:\/\/www.morvaykrisztina.hu\/hu\/wp-json\/wp\/v2\/media?parent=2002"}],"curies":[{"name":"wp","href":"https:\/\/api.w.org\/{rel}","templated":true}]}}