{"id":1983,"date":"2020-05-11T11:56:13","date_gmt":"2020-05-11T09:56:13","guid":{"rendered":"https:\/\/www.morvaykrisztina.hu\/?page_id=1983"},"modified":"2020-05-11T16:06:49","modified_gmt":"2020-05-11T14:06:49","slug":"lablec-konyvforditasok-rick-hanson-phd-forest-hanson-a-bennunk-rejlo-ero-a-boldogsag-tudatossag-es-belso-beke-elerese","status":"publish","type":"page","link":"https:\/\/www.morvaykrisztina.hu\/hu\/lablec\/lablec-konyvforditasok-rick-hanson-phd-forest-hanson-a-bennunk-rejlo-ero-a-boldogsag-tudatossag-es-belso-beke-elerese\/","title":{"rendered":"L\u00e1bl\u00e9c &#8211; K\u00f6nyvford\u00edt\u00e1sok &#8211; Rick Hanson, PhD. &#8211; Forest Hanson &#8211; A benn\u00fcnk rejl\u0151 er\u0151 \u2013 A boldogs\u00e1g, tudatoss\u00e1g \u00e9s bels\u0151 b\u00e9ke el\u00e9r\u00e9se"},"content":{"rendered":"<p><\/p>\n<div><img decoding=\"async\" title=\"Rick Hanson - A benn\u00fcnk rejl\u0151 er\u0151\" src=\"\/wp-content\/uploads\/Rick_Hanson_-_A_bennunk_rejlo_ero.jpg\" alt=\"Rick Hanson - A benn\u00fcnk rejl\u0151 er\u0151\" \/><br \/>\n<span class=\"elem-cim\">Rick Hanson<\/span><br \/>\n<span class=\"elem-alcim\">A benn\u00fcnk rejl\u0151 er\u0151<\/span><br \/>\n<span class=\"elem-text\">Elengedhetetlen, hogy rendelkezz\u00fcnk olyan bels\u0151 er\u0151kkel, mint p\u00e9ld\u00e1ul az elsz\u00e1nts\u00e1g, h\u00e1la, nagylelk\u0171s\u00e9g, tudatos jelenl\u00e9t \u00e9s egy\u00fctt\u00e9rz\u00e9s&#8230;<\/span><a href=\"\/hu\/referenciak\/kategoriak\/rick-hanson-phd-forest-hanson-a-bennunk-rejlo-ero-a-boldogsag-tudatossag-es-belso-beke-elerese\/\">tov\u00e1bb<\/a><\/div>\n<p><\/p>","protected":false},"excerpt":{"rendered":"<p>Rick Hanson A benn\u00fcnk rejl\u0151 er\u0151 Elengedhetetlen, hogy rendelkezz\u00fcnk olyan bels\u0151 er\u0151kkel, mint p\u00e9ld\u00e1ul az elsz\u00e1nts\u00e1g, h\u00e1la, nagylelk\u0171s\u00e9g, tudatos jelenl\u00e9t \u00e9s egy\u00fctt\u00e9rz\u00e9s&#8230;tov\u00e1bb<\/p>\n","protected":false},"author":1,"featured_media":0,"parent":246,"menu_order":0,"comment_status":"closed","ping_status":"closed","template":"","meta":{"footnotes":""},"_links":{"self":[{"href":"https:\/\/www.morvaykrisztina.hu\/hu\/wp-json\/wp\/v2\/pages\/1983"}],"collection":[{"href":"https:\/\/www.morvaykrisztina.hu\/hu\/wp-json\/wp\/v2\/pages"}],"about":[{"href":"https:\/\/www.morvaykrisztina.hu\/hu\/wp-json\/wp\/v2\/types\/page"}],"author":[{"embeddable":true,"href":"https:\/\/www.morvaykrisztina.hu\/hu\/wp-json\/wp\/v2\/users\/1"}],"replies":[{"embeddable":true,"href":"https:\/\/www.morvaykrisztina.hu\/hu\/wp-json\/wp\/v2\/comments?post=1983"}],"version-history":[{"count":0,"href":"https:\/\/www.morvaykrisztina.hu\/hu\/wp-json\/wp\/v2\/pages\/1983\/revisions"}],"up":[{"embeddable":true,"href":"https:\/\/www.morvaykrisztina.hu\/hu\/wp-json\/wp\/v2\/pages\/246"}],"wp:attachment":[{"href":"https:\/\/www.morvaykrisztina.hu\/hu\/wp-json\/wp\/v2\/media?parent=1983"}],"curies":[{"name":"wp","href":"https:\/\/api.w.org\/{rel}","templated":true}]}}