{"id":1794,"date":"2017-01-22T19:35:47","date_gmt":"2017-01-22T18:35:47","guid":{"rendered":"https:\/\/www.morvaykrisztina.hu\/?page_id=1794"},"modified":"2020-05-11T15:51:07","modified_gmt":"2020-05-11T13:51:07","slug":"lablec-konyvforditasok-adam-grant-eredetik","status":"publish","type":"page","link":"https:\/\/www.morvaykrisztina.hu\/hu\/lablec\/lablec-konyvforditasok-adam-grant-eredetik\/","title":{"rendered":"L\u00e1bl\u00e9c &#8211; K\u00f6nyvford\u00edt\u00e1sok &#8211; Adam Grant &#8211; Eredetik"},"content":{"rendered":"<p><\/p>\n<div><img decoding=\"async\" title=\"Adam Grant - Eredetik\" src=\"\/wp-content\/uploads\/Adam_Grant_-_Eredetik-225x300.jpg\" alt=\"Adam Grant - Eredetik\" \/><br \/>\n<span class=\"elem-cim\">Adam Grant<\/span><br \/>\n<span class=\"elem-alcim\">Eredetik<\/span><br \/>\n<span class=\"elem-text\">A gyors cselekv\u00e9s vagy a halogat\u00e1s a siker titka? Mi\u00e9rt nem \u00e9rdemes egy j\u00f3 \u00f6tlet kedv\u00e9\u00e9rt mindent egy lapra feltenni? T\u00e9nyleg jobb sz\u00f6vets\u00e9ges az ellens\u00e9g\u00fcnk, mint egy&#8230;<\/span><a href=\"\/hu\/referenciak\/kategoriak\/adam-grant-eredetik\/\">tov\u00e1bb<\/a><\/div>\n<p><\/p>","protected":false},"excerpt":{"rendered":"<p>Adam Grant Eredetik A gyors cselekv\u00e9s vagy a halogat\u00e1s a siker titka? Mi\u00e9rt nem \u00e9rdemes egy j\u00f3 \u00f6tlet kedv\u00e9\u00e9rt mindent egy lapra feltenni? T\u00e9nyleg jobb sz\u00f6vets\u00e9ges az ellens\u00e9g\u00fcnk, mint egy&#8230;tov\u00e1bb<\/p>\n","protected":false},"author":1,"featured_media":0,"parent":246,"menu_order":0,"comment_status":"open","ping_status":"open","template":"","meta":{"footnotes":""},"_links":{"self":[{"href":"https:\/\/www.morvaykrisztina.hu\/hu\/wp-json\/wp\/v2\/pages\/1794"}],"collection":[{"href":"https:\/\/www.morvaykrisztina.hu\/hu\/wp-json\/wp\/v2\/pages"}],"about":[{"href":"https:\/\/www.morvaykrisztina.hu\/hu\/wp-json\/wp\/v2\/types\/page"}],"author":[{"embeddable":true,"href":"https:\/\/www.morvaykrisztina.hu\/hu\/wp-json\/wp\/v2\/users\/1"}],"replies":[{"embeddable":true,"href":"https:\/\/www.morvaykrisztina.hu\/hu\/wp-json\/wp\/v2\/comments?post=1794"}],"version-history":[{"count":0,"href":"https:\/\/www.morvaykrisztina.hu\/hu\/wp-json\/wp\/v2\/pages\/1794\/revisions"}],"up":[{"embeddable":true,"href":"https:\/\/www.morvaykrisztina.hu\/hu\/wp-json\/wp\/v2\/pages\/246"}],"wp:attachment":[{"href":"https:\/\/www.morvaykrisztina.hu\/hu\/wp-json\/wp\/v2\/media?parent=1794"}],"curies":[{"name":"wp","href":"https:\/\/api.w.org\/{rel}","templated":true}]}}