{"id":1789,"date":"2017-01-22T19:22:21","date_gmt":"2017-01-22T18:22:21","guid":{"rendered":"https:\/\/www.morvaykrisztina.hu\/?page_id=1789"},"modified":"2020-05-11T15:41:47","modified_gmt":"2020-05-11T13:41:47","slug":"lablec-konyvforditasok-nigel-benson-joannah-ginsburg-voula-grand-merrin-lazyan-marcus-weeks-catherine-collin-a-pszichologia-nagykonyve","status":"publish","type":"page","link":"https:\/\/www.morvaykrisztina.hu\/hu\/lablec\/lablec-konyvforditasok-nigel-benson-joannah-ginsburg-voula-grand-merrin-lazyan-marcus-weeks-catherine-collin-a-pszichologia-nagykonyve\/","title":{"rendered":"L\u00e1bl\u00e9c &#8211; K\u00f6nyvford\u00edt\u00e1sok &#8211; Nigel Benson, Joannah Ginsburg, Voula Grand, Merrin Lazyan, Marcus Weeks, Catherine Collin &#8211; A pszichol\u00f3gia nagyk\u00f6nyve"},"content":{"rendered":"<p><\/p>\n<div><img decoding=\"async\" title=\"Nigel Benson, Joannah Ginsburg, Voula Grand, Merrin Lazyan, Marcus Weeks, Catherine Collin - A pszichol\u00f3gia nagyk\u00f6nyve\" src=\"\/wp-content\/uploads\/Nigel_Benson__Joannah_Ginsburg__Voula-Grand__Merrin_Lazyan__Marcus_Weeks__Catherine_Collin_-_A_pszichologia_nagykonyve-225x300.jpg\" alt=\"Nigel Benson, Joannah Ginsburg, Voula Grand, Merrin Lazyan, Marcus Weeks, Catherine Collin - A pszichol\u00f3gia nagyk\u00f6nyve\" \/><br \/>\n<span class=\"elem-cim\">Nigel Benson, Joannah Ginsburg, Voula Grand, Merrin Lazyan, Marcus Weeks, Catherine Collin<\/span><br \/>\n<span class=\"elem-alcim\">A pszichol\u00f3gia nagyk\u00f6nyve<\/span><br \/>\n<span class=\"elem-text\">H\u00e1ny \u00e9n\u00fcnk van val\u00f3j\u00e1ban? Mire j\u00f3 a pszichoanal\u00edzis? G\u00e9njeink vagy ink\u00e1bb a k\u00f6rnyezet\u00fcnk hat\u00e1rozza meg&#8230;<\/span><a href=\"\/hu\/referenciak\/kategoriak\/nigel-benson-joannah-ginsburg-voula-grand-merrin-lazyan-marcus-weeks-catherine-collin-a-pszichologia-nagykonyve\/\">tov\u00e1bb<\/a><\/div>\n<p><\/p>","protected":false},"excerpt":{"rendered":"<p>Nigel Benson, Joannah Ginsburg, Voula Grand, Merrin Lazyan, Marcus Weeks, Catherine Collin A pszichol\u00f3gia nagyk\u00f6nyve H\u00e1ny \u00e9n\u00fcnk van val\u00f3j\u00e1ban? Mire j\u00f3 a pszichoanal\u00edzis? G\u00e9njeink vagy ink\u00e1bb a k\u00f6rnyezet\u00fcnk hat\u00e1rozza meg&#8230;tov\u00e1bb<\/p>\n","protected":false},"author":1,"featured_media":0,"parent":246,"menu_order":0,"comment_status":"open","ping_status":"open","template":"","meta":{"footnotes":""},"_links":{"self":[{"href":"https:\/\/www.morvaykrisztina.hu\/hu\/wp-json\/wp\/v2\/pages\/1789"}],"collection":[{"href":"https:\/\/www.morvaykrisztina.hu\/hu\/wp-json\/wp\/v2\/pages"}],"about":[{"href":"https:\/\/www.morvaykrisztina.hu\/hu\/wp-json\/wp\/v2\/types\/page"}],"author":[{"embeddable":true,"href":"https:\/\/www.morvaykrisztina.hu\/hu\/wp-json\/wp\/v2\/users\/1"}],"replies":[{"embeddable":true,"href":"https:\/\/www.morvaykrisztina.hu\/hu\/wp-json\/wp\/v2\/comments?post=1789"}],"version-history":[{"count":0,"href":"https:\/\/www.morvaykrisztina.hu\/hu\/wp-json\/wp\/v2\/pages\/1789\/revisions"}],"up":[{"embeddable":true,"href":"https:\/\/www.morvaykrisztina.hu\/hu\/wp-json\/wp\/v2\/pages\/246"}],"wp:attachment":[{"href":"https:\/\/www.morvaykrisztina.hu\/hu\/wp-json\/wp\/v2\/media?parent=1789"}],"curies":[{"name":"wp","href":"https:\/\/api.w.org\/{rel}","templated":true}]}}