{"id":1783,"date":"2017-01-22T18:36:43","date_gmt":"2017-01-22T17:36:43","guid":{"rendered":"https:\/\/www.morvaykrisztina.hu\/?page_id=1783"},"modified":"2020-05-11T15:56:09","modified_gmt":"2020-05-11T13:56:09","slug":"lablec-konyvforditasok-steve-j-martin-noah-goldstein-robert-cialdini-kis-lepes-nagy-hatas-milyen-apro-tettekkel-erhetjuk-el-a-celjainkat","status":"publish","type":"page","link":"https:\/\/www.morvaykrisztina.hu\/hu\/lablec\/lablec-konyvforditasok-steve-j-martin-noah-goldstein-robert-cialdini-kis-lepes-nagy-hatas-milyen-apro-tettekkel-erhetjuk-el-a-celjainkat\/","title":{"rendered":"L\u00e1bl\u00e9c &#8211; K\u00f6nyvford\u00edt\u00e1sok &#8211; Steve J. Martin, Noah Goldstein, Robert Cialdini &#8211; Kis l\u00e9p\u00e9s, nagy hat\u00e1s &#8211; Milyen apr\u00f3 tettekkel \u00e9rhetj\u00fck el a c\u00e9ljainkat?"},"content":{"rendered":"<p><\/p>\n<div><img decoding=\"async\" title=\"Steve J. Martin, Noah Goldstein, Robert Cialdini - Kis l\u00e9p\u00e9s, nagy hat\u00e1s - Milyen apr\u00f3 tettekkel \u00e9rhetj\u00fck el a c\u00e9ljainkat?\" src=\"\/wp-content\/uploads\/Steve_J_Martin__Noah_Goldstein__Robert_Cialdini_-_Kis_lepes_nagy_hatas_-_Milyen_apro_tettekkel_erhetjuk_el_a_celjainkat-225x300.jpg\" alt=\"Steve J. Martin, Noah Goldstein, Robert Cialdini - Kis l\u00e9p\u00e9s, nagy hat\u00e1s - Milyen apr\u00f3 tettekkel \u00e9rhetj\u00fck el a c\u00e9ljainkat?\" \/><br \/>\n<span class=\"elem-cim\">Steve J. Martin, Noah Goldstein, Robert Cialdini<\/span><br \/>\n<span class=\"elem-alcim\">Kis l\u00e9p\u00e9s, nagy hat\u00e1s &#8211; Milyen apr\u00f3 tettekkel \u00e9rhetj\u00fck el a c\u00e9ljainkat?<\/span><br \/>\n<span class=\"elem-text\">Mi\u00e9rt estek vissza 30%-kal egy \u00e1ruh\u00e1zl\u00e1nc elad\u00e1sai egyetlen cent \u00e1remel\u00e9s miatt? Mi\u00e9rt fizetett egy t\u00e9v\u00e9csatorna 3,3&#8230;<\/span><a href=\"\/hu\/referenciak\/kategoriak\/steve-j-martin-noah-goldstein-robert-cialdini-kis-lepes-nagy-hatas-milyen-apro-tettekkel-erhetjuk-el-a-celjainkat\/\">tov\u00e1bb<\/a><\/div>\n<p><\/p>","protected":false},"excerpt":{"rendered":"<p>Steve J. Martin, Noah Goldstein, Robert Cialdini Kis l\u00e9p\u00e9s, nagy hat\u00e1s &#8211; Milyen apr\u00f3 tettekkel \u00e9rhetj\u00fck el a c\u00e9ljainkat? Mi\u00e9rt estek vissza 30%-kal egy \u00e1ruh\u00e1zl\u00e1nc elad\u00e1sai egyetlen cent \u00e1remel\u00e9s miatt? Mi\u00e9rt fizetett egy t\u00e9v\u00e9csatorna 3,3&#8230;tov\u00e1bb<\/p>\n","protected":false},"author":1,"featured_media":0,"parent":246,"menu_order":0,"comment_status":"open","ping_status":"open","template":"","meta":{"footnotes":""},"_links":{"self":[{"href":"https:\/\/www.morvaykrisztina.hu\/hu\/wp-json\/wp\/v2\/pages\/1783"}],"collection":[{"href":"https:\/\/www.morvaykrisztina.hu\/hu\/wp-json\/wp\/v2\/pages"}],"about":[{"href":"https:\/\/www.morvaykrisztina.hu\/hu\/wp-json\/wp\/v2\/types\/page"}],"author":[{"embeddable":true,"href":"https:\/\/www.morvaykrisztina.hu\/hu\/wp-json\/wp\/v2\/users\/1"}],"replies":[{"embeddable":true,"href":"https:\/\/www.morvaykrisztina.hu\/hu\/wp-json\/wp\/v2\/comments?post=1783"}],"version-history":[{"count":0,"href":"https:\/\/www.morvaykrisztina.hu\/hu\/wp-json\/wp\/v2\/pages\/1783\/revisions"}],"up":[{"embeddable":true,"href":"https:\/\/www.morvaykrisztina.hu\/hu\/wp-json\/wp\/v2\/pages\/246"}],"wp:attachment":[{"href":"https:\/\/www.morvaykrisztina.hu\/hu\/wp-json\/wp\/v2\/media?parent=1783"}],"curies":[{"name":"wp","href":"https:\/\/api.w.org\/{rel}","templated":true}]}}