{"id":1780,"date":"2017-01-22T12:56:50","date_gmt":"2017-01-22T11:56:50","guid":{"rendered":"https:\/\/www.morvaykrisztina.hu\/?page_id=1780"},"modified":"2017-01-22T12:57:04","modified_gmt":"2017-01-22T11:57:04","slug":"lablec-konyvforditasok-dan-ariely-az-oszinte-igazsag-a-hazugsagrol-hogyan-csapjuk-be-onmagunkat-es-masokat","status":"publish","type":"page","link":"https:\/\/www.morvaykrisztina.hu\/hu\/lablec\/lablec-konyvforditasok-dan-ariely-az-oszinte-igazsag-a-hazugsagrol-hogyan-csapjuk-be-onmagunkat-es-masokat\/","title":{"rendered":"L\u00e1bl\u00e9c &#8211; K\u00f6nyvford\u00edt\u00e1sok &#8211; Dan Ariely &#8211; Az (\u0151szinte) igazs\u00e1g a hazugs\u00e1gr\u00f3l &#8211; Hogyan csapjuk be \u00f6nmagunkat \u00e9s m\u00e1sokat?"},"content":{"rendered":"<p><\/p>\n<div><img decoding=\"async\" title=\"Az (\u0151szinte) igazs\u00e1g a hazugs\u00e1gr\u00f3l - Hogyan csapjuk be \u00f6nmagunkat \u00e9s m\u00e1sokat?\" src=\"\/wp-content\/uploads\/Dan_Ariely_-_Az_-oszinte-_igazssg_a_hazugsagrol_-_Hogyan_csapjuk_be_onmagunkat_es_masokat-225x300.jpg\" alt=\"Az (\u0151szinte) igazs\u00e1g a hazugs\u00e1gr\u00f3l - Hogyan csapjuk be \u00f6nmagunkat \u00e9s m\u00e1sokat?\" \/><br \/>\n<span class=\"elem-cim\">Dan Ariely<\/span><br \/>\n<span class=\"elem-alcim\">Az (\u0151szinte) igazs\u00e1g a hazugs\u00e1gr\u00f3l &#8211; Hogyan csapjuk be \u00f6nmagunkat \u00e9s m\u00e1sokat?<\/span><br \/>\n<span class=\"elem-text\">Vajon t\u00e9nyleg elrettent benn\u00fcnket a tisztess\u00e9gtelen viselked\u00e9st\u0151l a lebuk\u00e1s vesz\u00e9lye? Mi\u00e9rt csalunk&#8230;?<\/span><a href=\"\/hu\/referenciak\/kategoriak\/dan-ariely-az-oszinte-igazsag-a-hazugsagrol-hogyan-csapjuk-be-onmagunkat-es-masokat\/\">tov\u00e1bb<\/a><\/div>\n<p><\/p>","protected":false},"excerpt":{"rendered":"<p>Dan Ariely Az (\u0151szinte) igazs\u00e1g a hazugs\u00e1gr\u00f3l &#8211; Hogyan csapjuk be \u00f6nmagunkat \u00e9s m\u00e1sokat? Vajon t\u00e9nyleg elrettent benn\u00fcnket a tisztess\u00e9gtelen viselked\u00e9st\u0151l a lebuk\u00e1s vesz\u00e9lye? Mi\u00e9rt csalunk&#8230;?tov\u00e1bb<\/p>\n","protected":false},"author":1,"featured_media":0,"parent":246,"menu_order":0,"comment_status":"open","ping_status":"open","template":"","meta":{"footnotes":""},"_links":{"self":[{"href":"https:\/\/www.morvaykrisztina.hu\/hu\/wp-json\/wp\/v2\/pages\/1780"}],"collection":[{"href":"https:\/\/www.morvaykrisztina.hu\/hu\/wp-json\/wp\/v2\/pages"}],"about":[{"href":"https:\/\/www.morvaykrisztina.hu\/hu\/wp-json\/wp\/v2\/types\/page"}],"author":[{"embeddable":true,"href":"https:\/\/www.morvaykrisztina.hu\/hu\/wp-json\/wp\/v2\/users\/1"}],"replies":[{"embeddable":true,"href":"https:\/\/www.morvaykrisztina.hu\/hu\/wp-json\/wp\/v2\/comments?post=1780"}],"version-history":[{"count":0,"href":"https:\/\/www.morvaykrisztina.hu\/hu\/wp-json\/wp\/v2\/pages\/1780\/revisions"}],"up":[{"embeddable":true,"href":"https:\/\/www.morvaykrisztina.hu\/hu\/wp-json\/wp\/v2\/pages\/246"}],"wp:attachment":[{"href":"https:\/\/www.morvaykrisztina.hu\/hu\/wp-json\/wp\/v2\/media?parent=1780"}],"curies":[{"name":"wp","href":"https:\/\/api.w.org\/{rel}","templated":true}]}}