{"id":1778,"date":"2017-01-22T12:46:44","date_gmt":"2017-01-22T11:46:44","guid":{"rendered":"https:\/\/www.morvaykrisztina.hu\/?page_id=1778"},"modified":"2017-01-22T12:46:44","modified_gmt":"2017-01-22T11:46:44","slug":"lablec-konyvforditasok-lesley-pearce-a-mult-nyomaban","status":"publish","type":"page","link":"https:\/\/www.morvaykrisztina.hu\/hu\/lablec\/lablec-konyvforditasok-lesley-pearce-a-mult-nyomaban\/","title":{"rendered":"L\u00e1bl\u00e9c &#8211; K\u00f6nyvford\u00edt\u00e1sok &#8211; Lesley Pearce &#8211; A m\u00falt nyom\u00e1ban"},"content":{"rendered":"<p><\/p>\n<div><img decoding=\"async\" title=\"Lesley Pearce - A m\u00falt nyom\u00e1ban\" src=\"\/wp-content\/uploads\/Lesley_Pearce_-_A-mult_nyomaban-187x300.jpg\" alt=\"Lesley Pearce - A m\u00falt nyom\u00e1ban\" \/><br \/>\n<span class=\"elem-cim\">Lesley Pearce<\/span><br \/>\n<span class=\"elem-alcim\">A m\u00falt nyom\u00e1ban<\/span><br \/>\n<span class=\"elem-text\">A felsz\u00ednen a gengszter \u00e9lete csupa ragyog\u00e1s \u00e9s csillog\u00e1s, tele kalanddal \u00e9s \u00e9rz\u00e9ki, s\u00f6t\u00e9t szem\u0171 n\u0151kkel. A val\u00f3s\u00e1gban azonban&#8230;<\/span><a href=\"\/hu\/referenciak\/kategoriak\/lesley-pearce-a-mult-nyomaban\/\">tov\u00e1bb<\/a><\/div>\n<p><\/p>","protected":false},"excerpt":{"rendered":"<p>Lesley Pearce A m\u00falt nyom\u00e1ban A felsz\u00ednen a gengszter \u00e9lete csupa ragyog\u00e1s \u00e9s csillog\u00e1s, tele kalanddal \u00e9s \u00e9rz\u00e9ki, s\u00f6t\u00e9t szem\u0171 n\u0151kkel. A val\u00f3s\u00e1gban azonban&#8230;tov\u00e1bb<\/p>\n","protected":false},"author":1,"featured_media":0,"parent":246,"menu_order":0,"comment_status":"open","ping_status":"open","template":"","meta":{"footnotes":""},"_links":{"self":[{"href":"https:\/\/www.morvaykrisztina.hu\/hu\/wp-json\/wp\/v2\/pages\/1778"}],"collection":[{"href":"https:\/\/www.morvaykrisztina.hu\/hu\/wp-json\/wp\/v2\/pages"}],"about":[{"href":"https:\/\/www.morvaykrisztina.hu\/hu\/wp-json\/wp\/v2\/types\/page"}],"author":[{"embeddable":true,"href":"https:\/\/www.morvaykrisztina.hu\/hu\/wp-json\/wp\/v2\/users\/1"}],"replies":[{"embeddable":true,"href":"https:\/\/www.morvaykrisztina.hu\/hu\/wp-json\/wp\/v2\/comments?post=1778"}],"version-history":[{"count":0,"href":"https:\/\/www.morvaykrisztina.hu\/hu\/wp-json\/wp\/v2\/pages\/1778\/revisions"}],"up":[{"embeddable":true,"href":"https:\/\/www.morvaykrisztina.hu\/hu\/wp-json\/wp\/v2\/pages\/246"}],"wp:attachment":[{"href":"https:\/\/www.morvaykrisztina.hu\/hu\/wp-json\/wp\/v2\/media?parent=1778"}],"curies":[{"name":"wp","href":"https:\/\/api.w.org\/{rel}","templated":true}]}}