{"id":1776,"date":"2017-01-22T12:39:43","date_gmt":"2017-01-22T11:39:43","guid":{"rendered":"https:\/\/www.morvaykrisztina.hu\/?page_id=1776"},"modified":"2020-05-11T15:59:58","modified_gmt":"2020-05-11T13:59:58","slug":"lablec-konyvforditasok-carole-scott-a-vilag-legszuperebb-intergalaktikus-utikalauza","status":"publish","type":"page","link":"https:\/\/www.morvaykrisztina.hu\/hu\/lablec\/lablec-konyvforditasok-carole-scott-a-vilag-legszuperebb-intergalaktikus-utikalauza\/","title":{"rendered":"L\u00e1bl\u00e9c &#8211; K\u00f6nyvford\u00edt\u00e1sok &#8211; Carole Scott &#8211; A vil\u00e1g legszuperebb intergalaktikus \u00fatikalauza"},"content":{"rendered":"<p><\/p>\n<div><img decoding=\"async\" title=\"Carole Scott - A vil\u00e1g legszuperebb intergalaktikus \u00fatikalauza\" src=\"\/wp-content\/uploads\/Carole_Scott_-_A-vilag_legszuperebb_intergalaktikus_utikalauza-254x300.jpg\" alt=\"Carole Scott - A vil\u00e1g legszuperebb intergalaktikus \u00fatikalauza\" \/><br \/>\n<span class=\"elem-cim\">Carole Scott<\/span><br \/>\n<span class=\"elem-alcim\">A vil\u00e1g legszuperebb intergalaktikus \u00fatikalauza<\/span><br \/>\n<span class=\"elem-text\">Mi\u00e9rt vonz a gravit\u00e1ci\u00f3? Mi t\u00f6rt\u00e9nik, ha t\u00fal k\u00f6zel mer\u00e9szked\u00fcnk egy fekete lyukhoz? Mit tegy\u00fcnk, ha f\u00f6ld\u00f6nk\u00edv\u00fcliekkel tal\u00e1lkozunk&#8230;?<\/span><a href=\"\/hu\/referenciak\/kategoriak\/carole-scott-a-vilag-legszuperebb-intergalaktikus-utikalauza\/\">tov\u00e1bb<\/a><\/div>\n<p><\/p>","protected":false},"excerpt":{"rendered":"<p>Carole Scott A vil\u00e1g legszuperebb intergalaktikus \u00fatikalauza Mi\u00e9rt vonz a gravit\u00e1ci\u00f3? Mi t\u00f6rt\u00e9nik, ha t\u00fal k\u00f6zel mer\u00e9szked\u00fcnk egy fekete lyukhoz? Mit tegy\u00fcnk, ha f\u00f6ld\u00f6nk\u00edv\u00fcliekkel tal\u00e1lkozunk&#8230;?tov\u00e1bb<\/p>\n","protected":false},"author":1,"featured_media":0,"parent":246,"menu_order":0,"comment_status":"open","ping_status":"open","template":"","meta":{"footnotes":""},"_links":{"self":[{"href":"https:\/\/www.morvaykrisztina.hu\/hu\/wp-json\/wp\/v2\/pages\/1776"}],"collection":[{"href":"https:\/\/www.morvaykrisztina.hu\/hu\/wp-json\/wp\/v2\/pages"}],"about":[{"href":"https:\/\/www.morvaykrisztina.hu\/hu\/wp-json\/wp\/v2\/types\/page"}],"author":[{"embeddable":true,"href":"https:\/\/www.morvaykrisztina.hu\/hu\/wp-json\/wp\/v2\/users\/1"}],"replies":[{"embeddable":true,"href":"https:\/\/www.morvaykrisztina.hu\/hu\/wp-json\/wp\/v2\/comments?post=1776"}],"version-history":[{"count":0,"href":"https:\/\/www.morvaykrisztina.hu\/hu\/wp-json\/wp\/v2\/pages\/1776\/revisions"}],"up":[{"embeddable":true,"href":"https:\/\/www.morvaykrisztina.hu\/hu\/wp-json\/wp\/v2\/pages\/246"}],"wp:attachment":[{"href":"https:\/\/www.morvaykrisztina.hu\/hu\/wp-json\/wp\/v2\/media?parent=1776"}],"curies":[{"name":"wp","href":"https:\/\/api.w.org\/{rel}","templated":true}]}}