{"id":1774,"date":"2017-01-22T12:30:50","date_gmt":"2017-01-22T11:30:50","guid":{"rendered":"https:\/\/www.morvaykrisztina.hu\/?page_id=1774"},"modified":"2017-01-22T12:30:50","modified_gmt":"2017-01-22T11:30:50","slug":"lablec-konyvforditasok-ka-hancock-uvegszilankon-tancolni","status":"publish","type":"page","link":"https:\/\/www.morvaykrisztina.hu\/hu\/lablec\/lablec-konyvforditasok-ka-hancock-uvegszilankon-tancolni\/","title":{"rendered":"L\u00e1bl\u00e9c &#8211; K\u00f6nyvford\u00edt\u00e1sok &#8211; Ka Hancock &#8211; \u00dcvegszil\u00e1nkon t\u00e1ncolni"},"content":{"rendered":"<p><\/p>\n<div><img decoding=\"async\" title=\"Ka Hancock - \u00dcvegszil\u00e1nkon t\u00e1ncolni\" src=\"\/wp-content\/uploads\/Ka_Hancock_-_Uvegszilankon_tancolni-201x300.jpg\" alt=\"Ka Hancock - \u00dcvegszil\u00e1nkon t\u00e1ncolni\" \/><br \/>\n<span class=\"elem-cim\">Ka Hancock<\/span><br \/>\n<span class=\"elem-alcim\">\u00dcvegszil\u00e1nkon t\u00e1ncolni<\/span><br \/>\n<span class=\"elem-text\">Minden h\u00e1zass\u00e1g t\u00e1nchoz hasonl\u00f3; id\u0151nk\u00e9nt bonyolult, m\u00e1skor csod\u00e1s, \u00e1m az id\u0151 t\u00falnyom\u00f3 r\u00e9sz\u00e9ben igencsak esem\u00e9nytelen&#8230;<\/span><a href=\"\/hu\/referenciak\/kategoriak\/ka-hancock-uvegszilankon-tancolni\/\">tov\u00e1bb<\/a><\/div>\n<p><\/p>","protected":false},"excerpt":{"rendered":"<p>Ka Hancock \u00dcvegszil\u00e1nkon t\u00e1ncolni Minden h\u00e1zass\u00e1g t\u00e1nchoz hasonl\u00f3; id\u0151nk\u00e9nt bonyolult, m\u00e1skor csod\u00e1s, \u00e1m az id\u0151 t\u00falnyom\u00f3 r\u00e9sz\u00e9ben igencsak esem\u00e9nytelen&#8230;tov\u00e1bb<\/p>\n","protected":false},"author":1,"featured_media":0,"parent":246,"menu_order":0,"comment_status":"open","ping_status":"open","template":"","meta":{"footnotes":""},"_links":{"self":[{"href":"https:\/\/www.morvaykrisztina.hu\/hu\/wp-json\/wp\/v2\/pages\/1774"}],"collection":[{"href":"https:\/\/www.morvaykrisztina.hu\/hu\/wp-json\/wp\/v2\/pages"}],"about":[{"href":"https:\/\/www.morvaykrisztina.hu\/hu\/wp-json\/wp\/v2\/types\/page"}],"author":[{"embeddable":true,"href":"https:\/\/www.morvaykrisztina.hu\/hu\/wp-json\/wp\/v2\/users\/1"}],"replies":[{"embeddable":true,"href":"https:\/\/www.morvaykrisztina.hu\/hu\/wp-json\/wp\/v2\/comments?post=1774"}],"version-history":[{"count":0,"href":"https:\/\/www.morvaykrisztina.hu\/hu\/wp-json\/wp\/v2\/pages\/1774\/revisions"}],"up":[{"embeddable":true,"href":"https:\/\/www.morvaykrisztina.hu\/hu\/wp-json\/wp\/v2\/pages\/246"}],"wp:attachment":[{"href":"https:\/\/www.morvaykrisztina.hu\/hu\/wp-json\/wp\/v2\/media?parent=1774"}],"curies":[{"name":"wp","href":"https:\/\/api.w.org\/{rel}","templated":true}]}}