{"id":1651,"date":"2015-02-07T14:26:39","date_gmt":"2015-02-07T13:26:39","guid":{"rendered":"https:\/\/www.morvaykrisztina.hu\/?page_id=1651"},"modified":"2020-05-11T15:54:57","modified_gmt":"2020-05-11T13:54:57","slug":"lablec-konyvforditasok-dan-ariely-zsenialisan-irracionalis-az-esszerutlenseg-nem-vart-elonyei","status":"publish","type":"page","link":"https:\/\/www.morvaykrisztina.hu\/hu\/lablec\/lablec-konyvforditasok-dan-ariely-zsenialisan-irracionalis-az-esszerutlenseg-nem-vart-elonyei\/","title":{"rendered":"L\u00e1bl\u00e9c &#8211; K\u00f6nyvford\u00edt\u00e1sok &#8211; Dan Ariely &#8211; Zseni\u00e1lisan irracion\u00e1lis &#8211; Az \u00e9sszer\u0171tlens\u00e9g nem v\u00e1rt el\u0151nyei"},"content":{"rendered":"<p><\/p>\n<div><img decoding=\"async\" title=\"Dan Ariely - Zseni\u00e1lisan irracion\u00e1lis - Az \u00e9sszer\u0171tlens\u00e9g nem v\u00e1rt el\u0151nyei\" src=\"\/wp-content\/uploads\/Dan_Ariely_-_Irracionalisan_zsenialis_-_Az_esszerutlenseg_nem_vart_elonyei.jpg\" alt=\"Dan Ariely - Zseni\u00e1lisan irracion\u00e1lis - Az \u00e9sszer\u0171tlens\u00e9g nem v\u00e1rt el\u0151nyei\" \/><br \/>\n<span class=\"elem-cim\">Dan Ariely<\/span><br \/>\n<span class=\"elem-alcim\">Zseni\u00e1lisan irracion\u00e1lis &#8211; Az \u00e9sszer\u0171tlens\u00e9g nem v\u00e1rt el\u0151nyei<\/span><br \/>\n<span class=\"elem-text\">Mi\u00e9rt cs\u00f6kkentik a nagy pr\u00e9miumok a fels\u0151 vezet\u0151k teljes\u00edtm\u00e9ny\u00e9t? Hogyan vezetnek f\u00e9lre a t\u00e1rskeres\u0151 oldalak? Mit tan\u00edt a leg\u00f3z\u00e1s a munka \u00e9lvezet\u00e9r\u0151l? <\/span><a href=\"\/hu\/referenciak\/kategoriak\/dan-ariely-zsenialisan-irracionalis-az-esszerutlenseg-nem-vart-elonyei\/\">tov\u00e1bb<\/a><\/div>\n<p><\/p>","protected":false},"excerpt":{"rendered":"<p>Dan Ariely Zseni\u00e1lisan irracion\u00e1lis &#8211; Az \u00e9sszer\u0171tlens\u00e9g nem v\u00e1rt el\u0151nyei Mi\u00e9rt cs\u00f6kkentik a nagy pr\u00e9miumok a fels\u0151 vezet\u0151k teljes\u00edtm\u00e9ny\u00e9t? Hogyan vezetnek f\u00e9lre a t\u00e1rskeres\u0151 oldalak? Mit tan\u00edt a leg\u00f3z\u00e1s a munka \u00e9lvezet\u00e9r\u0151l? tov\u00e1bb<\/p>\n","protected":false},"author":1,"featured_media":0,"parent":246,"menu_order":0,"comment_status":"open","ping_status":"open","template":"","meta":{"footnotes":""},"_links":{"self":[{"href":"https:\/\/www.morvaykrisztina.hu\/hu\/wp-json\/wp\/v2\/pages\/1651"}],"collection":[{"href":"https:\/\/www.morvaykrisztina.hu\/hu\/wp-json\/wp\/v2\/pages"}],"about":[{"href":"https:\/\/www.morvaykrisztina.hu\/hu\/wp-json\/wp\/v2\/types\/page"}],"author":[{"embeddable":true,"href":"https:\/\/www.morvaykrisztina.hu\/hu\/wp-json\/wp\/v2\/users\/1"}],"replies":[{"embeddable":true,"href":"https:\/\/www.morvaykrisztina.hu\/hu\/wp-json\/wp\/v2\/comments?post=1651"}],"version-history":[{"count":0,"href":"https:\/\/www.morvaykrisztina.hu\/hu\/wp-json\/wp\/v2\/pages\/1651\/revisions"}],"up":[{"embeddable":true,"href":"https:\/\/www.morvaykrisztina.hu\/hu\/wp-json\/wp\/v2\/pages\/246"}],"wp:attachment":[{"href":"https:\/\/www.morvaykrisztina.hu\/hu\/wp-json\/wp\/v2\/media?parent=1651"}],"curies":[{"name":"wp","href":"https:\/\/api.w.org\/{rel}","templated":true}]}}