{"id":1645,"date":"2015-02-07T13:51:27","date_gmt":"2015-02-07T12:51:27","guid":{"rendered":"https:\/\/www.morvaykrisztina.hu\/?page_id=1645"},"modified":"2020-05-11T15:49:10","modified_gmt":"2020-05-11T13:49:10","slug":"lablec-konyvforditasok-robert-winston-bontsd-elemeire-a-vilagot-oldodj-fel-a-kemiaban","status":"publish","type":"page","link":"https:\/\/www.morvaykrisztina.hu\/hu\/lablec\/lablec-konyvforditasok-robert-winston-bontsd-elemeire-a-vilagot-oldodj-fel-a-kemiaban\/","title":{"rendered":"L\u00e1bl\u00e9c &#8211; K\u00f6nyvford\u00edt\u00e1sok &#8211; Robert Winston &#8211; Bontsd elemeire a vil\u00e1got! &#8211; Old\u00f3dj fel a k\u00e9mi\u00e1ban!"},"content":{"rendered":"<p><\/p>\n<div><img decoding=\"async\" title=\"Robert Winston - Bontsd elemeire a vil\u00e1got! - Old\u00f3dj fel a k\u00e9mi\u00e1ban!\" src=\"\/wp-content\/uploads\/Robert_Winston_-_Bontsd_elemeire_a_vilagot_-_Oldodj_fel_a_kemi\u00e1ban.jpg\" alt=\"Robert Winston - Bontsd elemeire a vil\u00e1got! - Old\u00f3dj fel a k\u00e9mi\u00e1ban!\" \/><br \/>\n<span class=\"elem-cim\">Robert Winston<\/span><br \/>\n<span class=\"elem-alcim\">Bontsd elemeire a vil\u00e1got! &#8211; Old\u00f3dj fel a k\u00e9mi\u00e1ban!<\/span><br \/>\n<span class=\"elem-text\">Mib\u0151l k\u00e9sz\u00edthetsz kuty\u00e1t? Hogyan lesz a homokb\u00f3l \u00fcveg? Mi a k\u00f6z\u00f6s a tenisz\u00fct\u0151ben \u00e9s a gy\u00e9m\u00e1ntban? Mi\u00e9rt sz\u00e1ll a magasba a h\u00e9liummal t\u00f6lt\u00f6tt lufi&#8230;<\/span><a href=\"\/hu\/referenciak\/kategoriak\/robert-winston-bontsd-elemeire-a-vilagot-oldodj-fel-a-kemiaban\/\">tov\u00e1bb<\/a><\/div>\n<p><\/p>","protected":false},"excerpt":{"rendered":"<p>Robert Winston Bontsd elemeire a vil\u00e1got! &#8211; Old\u00f3dj fel a k\u00e9mi\u00e1ban! Mib\u0151l k\u00e9sz\u00edthetsz kuty\u00e1t? Hogyan lesz a homokb\u00f3l \u00fcveg? Mi a k\u00f6z\u00f6s a tenisz\u00fct\u0151ben \u00e9s a gy\u00e9m\u00e1ntban? Mi\u00e9rt sz\u00e1ll a magasba a h\u00e9liummal t\u00f6lt\u00f6tt lufi&#8230;tov\u00e1bb<\/p>\n","protected":false},"author":1,"featured_media":0,"parent":246,"menu_order":0,"comment_status":"open","ping_status":"open","template":"","meta":{"footnotes":""},"_links":{"self":[{"href":"https:\/\/www.morvaykrisztina.hu\/hu\/wp-json\/wp\/v2\/pages\/1645"}],"collection":[{"href":"https:\/\/www.morvaykrisztina.hu\/hu\/wp-json\/wp\/v2\/pages"}],"about":[{"href":"https:\/\/www.morvaykrisztina.hu\/hu\/wp-json\/wp\/v2\/types\/page"}],"author":[{"embeddable":true,"href":"https:\/\/www.morvaykrisztina.hu\/hu\/wp-json\/wp\/v2\/users\/1"}],"replies":[{"embeddable":true,"href":"https:\/\/www.morvaykrisztina.hu\/hu\/wp-json\/wp\/v2\/comments?post=1645"}],"version-history":[{"count":0,"href":"https:\/\/www.morvaykrisztina.hu\/hu\/wp-json\/wp\/v2\/pages\/1645\/revisions"}],"up":[{"embeddable":true,"href":"https:\/\/www.morvaykrisztina.hu\/hu\/wp-json\/wp\/v2\/pages\/246"}],"wp:attachment":[{"href":"https:\/\/www.morvaykrisztina.hu\/hu\/wp-json\/wp\/v2\/media?parent=1645"}],"curies":[{"name":"wp","href":"https:\/\/api.w.org\/{rel}","templated":true}]}}