{"id":1640,"date":"2015-02-07T13:37:45","date_gmt":"2015-02-07T12:37:45","guid":{"rendered":"https:\/\/www.morvaykrisztina.hu\/?page_id=1640"},"modified":"2015-02-07T15:07:00","modified_gmt":"2015-02-07T14:07:00","slug":"lablec-konyvforditasok-liane-moriarty-a-ferjem-titkol-valamit","status":"publish","type":"page","link":"https:\/\/www.morvaykrisztina.hu\/hu\/lablec\/lablec-konyvforditasok-liane-moriarty-a-ferjem-titkol-valamit\/","title":{"rendered":"L\u00e1bl\u00e9c &#8211; K\u00f6nyvford\u00edt\u00e1sok &#8211; Liane Moriarty &#8211; A f\u00e9rjem titkol valamit"},"content":{"rendered":"<p><\/p>\n<div><img decoding=\"async\" title=\"Liane Moriarty - A f\u00e9rjem titkol valamit\" src=\"\/wp-content\/uploads\/Liane_Moriarty_-_A_ferjem_titkol_valamit.gif\" alt=\"Liane Moriarty - A f\u00e9rjem titkol valamit\" \/><br \/>\n<span class=\"elem-cim\">Liane Moriarty<\/span><br \/>\n<span class=\"elem-alcim\">A f\u00e9rjem titkol valamit<\/span><br \/>\n<span class=\"elem-text\">A felsz\u00ednen a gengszter \u00e9lete csupa ragyog\u00e1s \u00e9s csillog\u00e1s, tele kalanddal \u00e9s \u00e9rz\u00e9ki, s\u00f6t\u00e9t szem\u0171 n\u0151kkel. A val\u00f3s\u00e1gban azonban&#8230;<\/span><a href=\"\/hu\/referenciak\/kategoriak\/liane-moriarty-a-ferjem-titkol-valamit\/\">tov\u00e1bb<\/a><\/div>\n<p><\/p>","protected":false},"excerpt":{"rendered":"<p>Liane Moriarty A f\u00e9rjem titkol valamit A felsz\u00ednen a gengszter \u00e9lete csupa ragyog\u00e1s \u00e9s csillog\u00e1s, tele kalanddal \u00e9s \u00e9rz\u00e9ki, s\u00f6t\u00e9t szem\u0171 n\u0151kkel. A val\u00f3s\u00e1gban azonban&#8230;tov\u00e1bb<\/p>\n","protected":false},"author":1,"featured_media":0,"parent":246,"menu_order":0,"comment_status":"open","ping_status":"open","template":"","meta":{"footnotes":""},"_links":{"self":[{"href":"https:\/\/www.morvaykrisztina.hu\/hu\/wp-json\/wp\/v2\/pages\/1640"}],"collection":[{"href":"https:\/\/www.morvaykrisztina.hu\/hu\/wp-json\/wp\/v2\/pages"}],"about":[{"href":"https:\/\/www.morvaykrisztina.hu\/hu\/wp-json\/wp\/v2\/types\/page"}],"author":[{"embeddable":true,"href":"https:\/\/www.morvaykrisztina.hu\/hu\/wp-json\/wp\/v2\/users\/1"}],"replies":[{"embeddable":true,"href":"https:\/\/www.morvaykrisztina.hu\/hu\/wp-json\/wp\/v2\/comments?post=1640"}],"version-history":[{"count":0,"href":"https:\/\/www.morvaykrisztina.hu\/hu\/wp-json\/wp\/v2\/pages\/1640\/revisions"}],"up":[{"embeddable":true,"href":"https:\/\/www.morvaykrisztina.hu\/hu\/wp-json\/wp\/v2\/pages\/246"}],"wp:attachment":[{"href":"https:\/\/www.morvaykrisztina.hu\/hu\/wp-json\/wp\/v2\/media?parent=1640"}],"curies":[{"name":"wp","href":"https:\/\/api.w.org\/{rel}","templated":true}]}}