{"id":1637,"date":"2015-02-07T13:33:05","date_gmt":"2015-02-07T12:33:05","guid":{"rendered":"https:\/\/www.morvaykrisztina.hu\/?page_id=1637"},"modified":"2015-02-07T13:54:00","modified_gmt":"2015-02-07T12:54:00","slug":"lablec-konyvforditasok-lauren-taylor-marianne-taylor-mi-lenne-ha-atmennenk-allatba","status":"publish","type":"page","link":"https:\/\/www.morvaykrisztina.hu\/hu\/lablec\/lablec-konyvforditasok-lauren-taylor-marianne-taylor-mi-lenne-ha-atmennenk-allatba\/","title":{"rendered":"L\u00e1bl\u00e9c &#8211; K\u00f6nyvford\u00edt\u00e1sok &#8211; Lauren Taylor, Marianne Taylor &#8211; Mi lenne, ha &#8211; \u00e1tmenn\u00e9nk \u00e1llatba?"},"content":{"rendered":"<p><\/p>\n<div><img decoding=\"async\" title=\"Lauren Taylor, Marianne Taylor - Mi lenne, ha - \u00e1tmenn\u00e9nk \u00e1llatba?\" src=\"\/wp-content\/uploads\/Lauren_Taylor__Marianne-Taylor_-_Mi_lenne_ha_-_atmennenk_allatba.jpg\" alt=\"Lauren Taylor, Marianne Taylor - Mi lenne, ha - \u00e1tmenn\u00e9nk \u00e1llatba?\" \/><br \/>\n<span class=\"elem-cim\">Lauren Taylor, Marianne Taylor<\/span><br \/>\n<span class=\"elem-alcim\">Mi lenne, ha &#8211; \u00e1tmenn\u00e9nk \u00e1llatba?<\/span><br \/>\n<span class=\"elem-text\">Mi lenne, ha orm\u00e1nyunk n\u0151ne? Mi lenne, ha gy\u00edkfarkat n\u00f6veszten\u00e9nk? Mi lenne, ha hossz\u00fa sz\u0151r bor\u00edtan\u00e1 a test\u00fcnket? Mi lenne, ha&#8230;<\/span><a href=\"\/hu\/referenciak\/kategoriak\/lauren-taylor-marianne-taylor-mi-lenne-ha-atmennenk-allatba\/\">tov\u00e1bb<\/a><\/div>\n<p><\/p>","protected":false},"excerpt":{"rendered":"<p>Lauren Taylor, Marianne Taylor Mi lenne, ha &#8211; \u00e1tmenn\u00e9nk \u00e1llatba? Mi lenne, ha orm\u00e1nyunk n\u0151ne? Mi lenne, ha gy\u00edkfarkat n\u00f6veszten\u00e9nk? Mi lenne, ha hossz\u00fa sz\u0151r bor\u00edtan\u00e1 a test\u00fcnket? Mi lenne, ha&#8230;tov\u00e1bb<\/p>\n","protected":false},"author":1,"featured_media":0,"parent":246,"menu_order":0,"comment_status":"open","ping_status":"open","template":"","meta":{"footnotes":""},"_links":{"self":[{"href":"https:\/\/www.morvaykrisztina.hu\/hu\/wp-json\/wp\/v2\/pages\/1637"}],"collection":[{"href":"https:\/\/www.morvaykrisztina.hu\/hu\/wp-json\/wp\/v2\/pages"}],"about":[{"href":"https:\/\/www.morvaykrisztina.hu\/hu\/wp-json\/wp\/v2\/types\/page"}],"author":[{"embeddable":true,"href":"https:\/\/www.morvaykrisztina.hu\/hu\/wp-json\/wp\/v2\/users\/1"}],"replies":[{"embeddable":true,"href":"https:\/\/www.morvaykrisztina.hu\/hu\/wp-json\/wp\/v2\/comments?post=1637"}],"version-history":[{"count":0,"href":"https:\/\/www.morvaykrisztina.hu\/hu\/wp-json\/wp\/v2\/pages\/1637\/revisions"}],"up":[{"embeddable":true,"href":"https:\/\/www.morvaykrisztina.hu\/hu\/wp-json\/wp\/v2\/pages\/246"}],"wp:attachment":[{"href":"https:\/\/www.morvaykrisztina.hu\/hu\/wp-json\/wp\/v2\/media?parent=1637"}],"curies":[{"name":"wp","href":"https:\/\/api.w.org\/{rel}","templated":true}]}}