{"id":1635,"date":"2015-02-07T13:26:19","date_gmt":"2015-02-07T12:26:19","guid":{"rendered":"https:\/\/www.morvaykrisztina.hu\/?page_id=1635"},"modified":"2015-02-07T15:07:09","modified_gmt":"2015-02-07T14:07:09","slug":"lablec-konyvforditasok-leif-enger-a-folyo-dala","status":"publish","type":"page","link":"https:\/\/www.morvaykrisztina.hu\/hu\/lablec\/lablec-konyvforditasok-leif-enger-a-folyo-dala\/","title":{"rendered":"L\u00e1bl\u00e9c &#8211; K\u00f6nyvford\u00edt\u00e1sok &#8211; Leif Enger &#8211; A foly\u00f3 dala"},"content":{"rendered":"<p><\/p>\n<div><img decoding=\"async\" title=\"Leif Enger - A foly\u00f3 dala\" src=\"\/wp-content\/uploads\/Leif_Enger_-_A_folyo_dala.jpg\" alt=\"Leif Enger - A foly\u00f3 dala\" \/><br \/>\n<span class=\"elem-cim\">Leif Enger<\/span><br \/>\n<span class=\"elem-alcim\">A foly\u00f3 dala<\/span><br \/>\n<span class=\"elem-text\">Leif Enger reg\u00e9ny\u00e9ben egy tizenegy \u00e9ves asztm\u00e1s kisfi\u00fa, Reuben Land mes\u00e9li el a t\u00f6rt\u00e9netet, amely nem mindennapi csal\u00e1dj\u00e1r\u00f3l sz\u00f3l&#8230;<\/span><a href=\"\/hu\/referenciak\/kategoriak\/leif-enger-a-folyo-dala\/\">tov\u00e1bb<\/a><\/div>\n<p><\/p>","protected":false},"excerpt":{"rendered":"<p>Leif Enger A foly\u00f3 dala Leif Enger reg\u00e9ny\u00e9ben egy tizenegy \u00e9ves asztm\u00e1s kisfi\u00fa, Reuben Land mes\u00e9li el a t\u00f6rt\u00e9netet, amely nem mindennapi csal\u00e1dj\u00e1r\u00f3l sz\u00f3l&#8230;tov\u00e1bb<\/p>\n","protected":false},"author":1,"featured_media":0,"parent":246,"menu_order":0,"comment_status":"open","ping_status":"open","template":"","meta":{"footnotes":""},"_links":{"self":[{"href":"https:\/\/www.morvaykrisztina.hu\/hu\/wp-json\/wp\/v2\/pages\/1635"}],"collection":[{"href":"https:\/\/www.morvaykrisztina.hu\/hu\/wp-json\/wp\/v2\/pages"}],"about":[{"href":"https:\/\/www.morvaykrisztina.hu\/hu\/wp-json\/wp\/v2\/types\/page"}],"author":[{"embeddable":true,"href":"https:\/\/www.morvaykrisztina.hu\/hu\/wp-json\/wp\/v2\/users\/1"}],"replies":[{"embeddable":true,"href":"https:\/\/www.morvaykrisztina.hu\/hu\/wp-json\/wp\/v2\/comments?post=1635"}],"version-history":[{"count":0,"href":"https:\/\/www.morvaykrisztina.hu\/hu\/wp-json\/wp\/v2\/pages\/1635\/revisions"}],"up":[{"embeddable":true,"href":"https:\/\/www.morvaykrisztina.hu\/hu\/wp-json\/wp\/v2\/pages\/246"}],"wp:attachment":[{"href":"https:\/\/www.morvaykrisztina.hu\/hu\/wp-json\/wp\/v2\/media?parent=1635"}],"curies":[{"name":"wp","href":"https:\/\/api.w.org\/{rel}","templated":true}]}}