{"id":1595,"date":"2014-02-18T22:07:18","date_gmt":"2014-02-18T21:07:18","guid":{"rendered":"https:\/\/www.morvaykrisztina.hu\/?page_id=1595"},"modified":"2014-02-19T06:33:48","modified_gmt":"2014-02-19T05:33:48","slug":"lablec-konyvforditasok-erica-bauermeister-tedd-meg-magadert","status":"publish","type":"page","link":"https:\/\/www.morvaykrisztina.hu\/hu\/lablec\/lablec-konyvforditasok-erica-bauermeister-tedd-meg-magadert\/","title":{"rendered":"L\u00e1bl\u00e9c &#8211; K\u00f6nyvford\u00edt\u00e1sok &#8211; Erica Bauermeister &#8211; Tedd meg magad\u00e9rt!"},"content":{"rendered":"<p><\/p>\n<div><img decoding=\"async\" title=\"Erica Bauermeister - Tedd meg magad\u00e9rt!\" src=\"\/wp-content\/uploads\/Erica_Bauermeister_-_Tedd_meg_magadert.gif\" alt=\"Erica Bauermeister - Tedd meg magad\u00e9rt!\" \/><br \/>\n<span class=\"elem-cim\">Erica Bauermeister<\/span><br \/>\n<span class=\"elem-alcim\">Tedd meg magad\u00e9rt!<\/span><br \/>\n<span class=\"elem-text\">Egy \u00fajabb felejthetetlen t\u00f6rt\u00e9net az \u00e9letr\u0151l, a szeretetr\u0151l \u00e9s a bar\u00e1ts\u00e1g erej\u00e9r\u0151l az \u00cdzek \u00e9letre-hal\u00e1lra sikerszerz\u0151j\u00e9t\u0151l. Kate \u00fcnnepi vacsor\u00e1ra v\u00e1rja&#8230;<\/span><a href=\"\/hu\/referenciak\/kategoriak\/erica-bauermeister-tedd-meg-magadert\/\">tov\u00e1bb<\/a><\/div>\n<p><\/p>","protected":false},"excerpt":{"rendered":"<p>Erica Bauermeister Tedd meg magad\u00e9rt! Egy \u00fajabb felejthetetlen t\u00f6rt\u00e9net az \u00e9letr\u0151l, a szeretetr\u0151l \u00e9s a bar\u00e1ts\u00e1g erej\u00e9r\u0151l az \u00cdzek \u00e9letre-hal\u00e1lra sikerszerz\u0151j\u00e9t\u0151l. Kate \u00fcnnepi vacsor\u00e1ra v\u00e1rja&#8230;tov\u00e1bb<\/p>\n","protected":false},"author":1,"featured_media":0,"parent":246,"menu_order":0,"comment_status":"open","ping_status":"open","template":"","meta":{"footnotes":""},"_links":{"self":[{"href":"https:\/\/www.morvaykrisztina.hu\/hu\/wp-json\/wp\/v2\/pages\/1595"}],"collection":[{"href":"https:\/\/www.morvaykrisztina.hu\/hu\/wp-json\/wp\/v2\/pages"}],"about":[{"href":"https:\/\/www.morvaykrisztina.hu\/hu\/wp-json\/wp\/v2\/types\/page"}],"author":[{"embeddable":true,"href":"https:\/\/www.morvaykrisztina.hu\/hu\/wp-json\/wp\/v2\/users\/1"}],"replies":[{"embeddable":true,"href":"https:\/\/www.morvaykrisztina.hu\/hu\/wp-json\/wp\/v2\/comments?post=1595"}],"version-history":[{"count":0,"href":"https:\/\/www.morvaykrisztina.hu\/hu\/wp-json\/wp\/v2\/pages\/1595\/revisions"}],"up":[{"embeddable":true,"href":"https:\/\/www.morvaykrisztina.hu\/hu\/wp-json\/wp\/v2\/pages\/246"}],"wp:attachment":[{"href":"https:\/\/www.morvaykrisztina.hu\/hu\/wp-json\/wp\/v2\/media?parent=1595"}],"curies":[{"name":"wp","href":"https:\/\/api.w.org\/{rel}","templated":true}]}}