{"id":1582,"date":"2014-02-18T21:43:08","date_gmt":"2014-02-18T20:43:08","guid":{"rendered":"https:\/\/www.morvaykrisztina.hu\/?page_id=1582"},"modified":"2014-02-18T21:43:08","modified_gmt":"2014-02-18T20:43:08","slug":"lablec-konyvforditasok-liane-moriarty-add-vissza-az-eletem","status":"publish","type":"page","link":"https:\/\/www.morvaykrisztina.hu\/hu\/lablec\/lablec-konyvforditasok-liane-moriarty-add-vissza-az-eletem\/","title":{"rendered":"L\u00e1bl\u00e9c &#8211; K\u00f6nyvford\u00edt\u00e1sok &#8211; Liane Moriarty &#8211; Add vissza az \u00e9letem!"},"content":{"rendered":"<p><\/p>\n<div><img decoding=\"async\" title=\"Liane Moriarty - Add vissza az \u00e9letem!\" src=\"\/wp-content\/uploads\/Liane_Moriarty_-_Add_vissza_az_eletem.gif\" alt=\"Liane Moriarty - Add vissza az \u00e9letem!\" \/><br \/>\n<span class=\"elem-cim\">Liane Moriarty<\/span><br \/>\n<span class=\"elem-alcim\">Add vissza az \u00e9letem!<\/span><br \/>\n<span class=\"elem-text\">Mi lenne, ha hirtelen elfelejten\u00e9d \u00e9leted legfontosabb t\u00edz \u00e9v\u00e9t?<br \/>\nAlice az edz\u0151terem padl\u00f3j\u00e1n t\u00e9r mag\u00e1hoz&#8230;<\/span><a href=\"\/hu\/referenciak\/kategoriak\/liane-moriarty-add-vissza-az-eletem\/\">tov\u00e1bb<\/a><\/div>\n<p><\/p>","protected":false},"excerpt":{"rendered":"<p>Liane Moriarty Add vissza az \u00e9letem! Mi lenne, ha hirtelen elfelejten\u00e9d \u00e9leted legfontosabb t\u00edz \u00e9v\u00e9t? Alice az edz\u0151terem padl\u00f3j\u00e1n t\u00e9r mag\u00e1hoz&#8230;tov\u00e1bb<\/p>\n","protected":false},"author":1,"featured_media":0,"parent":246,"menu_order":0,"comment_status":"open","ping_status":"open","template":"","meta":{"footnotes":""},"_links":{"self":[{"href":"https:\/\/www.morvaykrisztina.hu\/hu\/wp-json\/wp\/v2\/pages\/1582"}],"collection":[{"href":"https:\/\/www.morvaykrisztina.hu\/hu\/wp-json\/wp\/v2\/pages"}],"about":[{"href":"https:\/\/www.morvaykrisztina.hu\/hu\/wp-json\/wp\/v2\/types\/page"}],"author":[{"embeddable":true,"href":"https:\/\/www.morvaykrisztina.hu\/hu\/wp-json\/wp\/v2\/users\/1"}],"replies":[{"embeddable":true,"href":"https:\/\/www.morvaykrisztina.hu\/hu\/wp-json\/wp\/v2\/comments?post=1582"}],"version-history":[{"count":0,"href":"https:\/\/www.morvaykrisztina.hu\/hu\/wp-json\/wp\/v2\/pages\/1582\/revisions"}],"up":[{"embeddable":true,"href":"https:\/\/www.morvaykrisztina.hu\/hu\/wp-json\/wp\/v2\/pages\/246"}],"wp:attachment":[{"href":"https:\/\/www.morvaykrisztina.hu\/hu\/wp-json\/wp\/v2\/media?parent=1582"}],"curies":[{"name":"wp","href":"https:\/\/api.w.org\/{rel}","templated":true}]}}